{"id":3383,"date":"2024-09-22T17:34:47","date_gmt":"2024-09-22T17:34:47","guid":{"rendered":"http:\/\/swissmootcourt.ch\/?page_id=3383"},"modified":"2025-03-23T19:19:14","modified_gmt":"2025-03-23T18:19:14","slug":"register","status":"publish","type":"page","link":"https:\/\/swissmootcourt.ch\/?page_id=3383&lang=fr","title":{"rendered":"Recherche \u00e9quipe &#8211; Log in"},"content":{"rendered":"[vc_row][vc_column]<div class=\"vcex-spacing wpex-w-100 wpex-clear\" style=\"height:15px\"><\/div><div class=\"vcex-heading vcex-module wpex-text-2xl wpex-font-normal wpex-m-auto wpex-max-w-100 vcex-heading-bottom-border-w-color wpex-block wpex-border-b-2 wpex-border-solid wpex-border-gray-200\" style=\"font-size:30px;\"><span class=\"vcex-heading-inner wpex-inline-block wpex-clr wpex-relative wpex-pb-5 wpex-border-b-2 wpex-border-solid wpex-border-accent\">S'inscrire ou se connecter<\/span><\/div><div class=\"vcex-spacing wpex-w-100 wpex-clear\" style=\"height:30px\"><\/div>[vc_column_text css=&#8221;.vc_custom_1742074871809{padding-top: 10px !important;padding-right: 16px !important;padding-bottom: 10px !important;padding-left: 16px !important;background-color: #f4f4f4 !important;}&#8221;]\n<p style=\"text-align: justify;\"><span class=\"wpex-text-lg\">En vous inscrivant ou en vous connectant, vous aurez acc\u00e8s \u00e0 la <a href=\"https:\/\/swissmootcourt.ch\/?page_id=3384&#038;lang=fr\">liste des personnes qui cherchent \u00e0 former une \u00e9quipe<\/a> en vue de la prochaine \u00e9dition du Swiss Moot Court.<br \/>\n<\/span><\/p>\n<p style=\"text-align: justify;\"><span class=\"wpex-text-lg\">Notez qu&#8217;en vous inscrivant <strong>vos coordonn\u00e9es sont automatiquement ajout\u00e9es \u00e0 ladite liste<\/strong>. Vous pouvez \u00e0 tout moment les faire retirer en supprimant votre compte dans l&#8217;onglet configuration de votre compte.<\/span><\/p>\n<p style=\"text-align: justify;\"><span class=\"wpex-text-lg\">L&#8217;inscription \u00e0 la liste de recherche d&#8217;\u00e9quipe et l&#8217;inscription au concours sont deux choses diff\u00e9rentes. Vous n&#8217;avez pas besoin d&#8217;\u00eatre inscrit ici pour vous inscrire au concours et l&#8217;inscription \u00e0 la liste <strong>ne vous inscrit pas automatiquement au concours<\/strong>.<\/span><\/p>\n[\/vc_column_text][\/vc_column][vc_column width=&#8221;1\/2&#8243;][vc_column_text]\n<div class=\"um um-register um-3375\">\n\t<div class=\"um-form\" data-mode=\"register\">\n\t\t<form method=\"post\" action=\"\">\n\t\t\t<div class=\"um-row _um_row_1 \" style=\"margin: 0 0 30px 0;\"><div class=\"um-col-1\"><div  id=\"um_field_3375_first_name\" class=\"um-field um-field-text  um-field-first_name um-field-text um-field-type_text\" data-key=\"first_name\"><div class=\"um-field-label\"><label for=\"first_name-3375\">Pr\u00e9nom \/ Vorname<span class=\"um-req\" title=\"Erforderlich\">*<\/span><\/label><div class=\"um-clear\"><\/div><\/div><div class=\"um-field-area\"><input  autocomplete=\"off\" class=\"um-form-field valid \" type=\"text\" name=\"first_name-3375\" id=\"first_name-3375\" value=\"\" placeholder=\"\" data-validate=\"\" data-key=\"first_name\"  aria-invalid=\"false\" \/>\n\n\t\t\t\t\t\t<\/div><\/div><div  id=\"um_field_3375_last_name\" class=\"um-field um-field-text  um-field-last_name um-field-text um-field-type_text\" data-key=\"last_name\"><div class=\"um-field-label\"><label for=\"last_name-3375\">Nom \/ Nachname<span class=\"um-req\" title=\"Erforderlich\">*<\/span><\/label><div class=\"um-clear\"><\/div><\/div><div class=\"um-field-area\"><input  autocomplete=\"off\" class=\"um-form-field valid \" type=\"text\" name=\"last_name-3375\" id=\"last_name-3375\" value=\"\" placeholder=\"\" data-validate=\"\" data-key=\"last_name\"  aria-invalid=\"false\" \/>\n\n\t\t\t\t\t\t<\/div><\/div><div  id=\"um_field_3375_ein_universities\" class=\"um-field um-field-select  um-field-ein_universities um-field-select um-field-type_select\" data-key=\"ein_universities\"><div class=\"um-field-label\"><label for=\"ein_universities-3375\">Universit\u00e9 \/ Universit\u00e4t<\/label><span class=\"um-tip um-tip-w\" title=\"Universit\u00e9 dans laquelle vous serez lors de votre participation au SMC. Universit\u00e4t, an der Sie sich w\u00e4hrend Ihrer Teilnahme am SMC befinden. The university you will be attending when you take part in the SMC.\"><i class=\"um-icon-help-circled\"><\/i><\/span><div class=\"um-clear\"><\/div><\/div><div class=\"um-field-area  \"><select data-default=\"\"     name=\"ein_universities\" id=\"ein_universities\" data-validate=\"\" data-key=\"ein_universities\" class=\"um-form-field valid not-required um-s1 \" style=\"width: 100%\" data-placeholder=\"\"   aria-invalid=\"false\" ><option value=\"\"><\/option><option value=\"Berne \/ Bern\" >Berne \/ Bern<\/option><option value=\"B\u00e2le \/ Basel\" >B\u00e2le \/ Basel<\/option><option value=\"Fribourg \/ Freiburg\" >Fribourg \/ Freiburg<\/option><option value=\"Gen\u00e8ve \/ Genf\" >Gen\u00e8ve \/ Genf<\/option><option value=\"Lausanne\" >Lausanne<\/option><option value=\"Lucerne \/ Luzern\" >Lucerne \/ Luzern<\/option><option value=\"Neuch\u00e2tel \/ Neuenburg\" >Neuch\u00e2tel \/ Neuenburg<\/option><option value=\"Saint-Gall \/ St. Gallen\" >Saint-Gall \/ St. Gallen<\/option><option value=\"UniDistance\" >UniDistance<\/option><option value=\"FernUni\" >FernUni<\/option><option value=\"Zurich \/ Z\u00fcrich\" >Zurich \/ Z\u00fcrich<\/option><\/select><\/div><\/div><div  id=\"um_field_3375_ein_languages\" class=\"um-field um-field-multiselect  um-field-ein_languages um-field-multiselect um-field-type_multiselect\" data-key=\"ein_languages\"><div class=\"um-field-label\"><label for=\"ein_languages-3375\">Langues \/ Sprachen<\/label><span class=\"um-tip um-tip-w\" title=\"Langues que vous ma\u00eetrisez, en notant que la participation au SMC n&#039;est possible qu&#039;en fran\u00e7ais ou allemand. Sprachen, die Sie beherrschen, wobei Sie beachten sollten, dass die Teilnahme am SMC nur auf Deutsch oder Franz\u00f6sisch m\u00f6glich ist. Languages you are familiar with, noting that participation in the SMC is only possible in French or German.\"><i class=\"um-icon-help-circled\"><\/i><\/span><div class=\"um-clear\"><\/div><\/div><div class=\"um-field-area  \"><select   multiple=\"multiple\" name=\"ein_languages[]\" id=\"ein_languages\" data-maxsize=\"0\" data-validate=\"\" data-key=\"ein_languages\" class=\"um-form-field valid not-required um-s1 \" style=\"width: 100%\" data-placeholder=\"\"  aria-invalid=\"false\" ><option value=\"\"><\/option><option value=\"Fran\u00e7ais\" >Fran\u00e7ais<\/option><option value=\"Deutsch\" >Deutsch<\/option><option value=\"Italiano\" >Italiano<\/option><option value=\"Engilsh\" >Engilsh<\/option><\/select><\/div><\/div><div  id=\"um_field_3375_user_email\" class=\"um-field um-field-text  um-field-user_email um-field-text um-field-type_text\" data-key=\"user_email\"><div class=\"um-field-label\"><label for=\"user_email-3375\">E-mail<\/label><div class=\"um-clear\"><\/div><\/div><div class=\"um-field-area\"><input  autocomplete=\"off\" class=\"um-form-field valid not-required \" type=\"text\" name=\"user_email-3375\" id=\"user_email-3375\" value=\"\" placeholder=\"\" data-validate=\"unique_email\" data-key=\"user_email\"  aria-invalid=\"false\" \/>\n\n\t\t\t\t\t\t<\/div><\/div><div  id=\"um_field_3375_user_password\" class=\"um-field um-field-password  um-field-user_password um-field-password um-field-type_password\" data-key=\"user_password\"><div class=\"um-field-label\"><label for=\"user_password-3375\">Mot de passe \/ Passwort<span class=\"um-req\" title=\"Erforderlich\">*<\/span><\/label><div class=\"um-clear\"><\/div><\/div><div class=\"um-field-area\"><div class=\"um-field-area-password\">\n\t\t\t\t\t\t\t\t\t<input class=\"um-form-field valid \" type=\"password\" name=\"user_password-3375\" id=\"user_password-3375\" value=\"\" placeholder=\"\" data-validate=\"\" data-key=\"user_password\"  aria-invalid=\"false\" \/>\n\t\t\t\t\t\t\t\t\t<span class=\"um-toggle-password\"><i class=\"um-icon-eye\"><\/i><\/span>\n\t\t\t\t\t\t\t\t<\/div>\n\t\t\t\t\t\t\t<\/div><\/div><div  id=\"um_field_3375_confirm_user_password\" class=\"um-field um-field-password  um-field-user_password um-field-password um-field-type_password\" data-key=\"confirm_user_password\"><div class=\"um-field-label\"><label for=\"confirm_user_password-3375\">Mot de passe \/ Passwort best\u00e4tigen<span class=\"um-req\" title=\"Erforderlich\">*<\/span><\/label><div class=\"um-clear\"><\/div><\/div><div class=\"um-field-area\"><div class=\"um-field-area-password\"><input class=\"um-form-field valid \" type=\"password\" name=\"confirm_user_password-3375\" id=\"confirm_user_password-3375\" value=\"\" placeholder=\"Mot de passe \/ Passwort best\u00e4tigen\" data-validate=\"\" data-key=\"confirm_user_password\"  aria-invalid=\"false\" \/><span class=\"um-toggle-password\"><i class=\"um-icon-eye\"><\/i><\/span><\/div><\/div><\/div><div  id=\"um_field_3375_acceptation\" class=\"um-field um-field-checkbox  um-field-acceptation um-field-checkbox um-field-type_checkbox\" data-key=\"acceptation\"  aria-invalid=\"false\" ><div class=\"um-field-label\"><label for=\"acceptation-3375\">Conditions g\u00e9n\u00e9rales \/ Allgemeine Gesch\u00e4ftsbedingungen<span class=\"um-req\" title=\"Erforderlich\">*<\/span><\/label><span class=\"um-tip um-tip-w\" title=\"J&#039;accepte que les donn\u00e9es fournies soient partag\u00e9es avec les autres personnes ayant proc\u00e9d\u00e9 \u00e0 l&#039;inscription et je suis conscient(e) que je peux en tout temps supprimer mes donn\u00e9es en supprimant mon compte. \/ Ich bin damit einverstanden, dass die angegebenen Daten mit den anderen Personen, die sich angemeldet haben, geteilt werden und mir ist bewusst, dass ich meine Daten jederzeit l\u00f6schen kann, indem ich mein Konto l\u00f6sche.\"><i class=\"um-icon-help-circled\"><\/i><\/span><div class=\"um-clear\"><\/div><\/div><div class=\"um-field-area\"><label class=\"um-field-checkbox  um-field-half \"><input   type=\"checkbox\" name=\"acceptation[]\" value=\"J&#039;accepte \/ Einverstanden\"  \/><span class=\"um-field-checkbox-state\"><i class=\"um-icon-android-checkbox-outline-blank\"><\/i><\/span><span class=\"um-field-checkbox-option\">J&#039;accepte \/ Einverstanden<\/span><\/label><div class=\"um-clear\"><\/div><\/div><\/div><\/div><\/div>\t<input type=\"hidden\" name=\"form_id\" id=\"form_id_3375\" value=\"3375\" \/>\n\t\t<p class=\"um_request_name\">\n\t\t<label for=\"um_request_3375\">Only fill in if you are not human<\/label>\n\t\t<input type=\"hidden\" name=\"um_request\" id=\"um_request_3375\" class=\"input\" value=\"\" size=\"25\" autocomplete=\"off\" \/>\n\t<\/p>\n\t<input type=\"hidden\" id=\"_wpnonce\" name=\"_wpnonce\" value=\"fb33995ecb\" \/><input type=\"hidden\" name=\"_wp_http_referer\" value=\"\/index.php?rest_route=%2Fwp%2Fv2%2Fpages%2F3383\" \/>\n\t<div class=\"um-col-alt\">\n\n\t\t\n\t\t\t<div class=\"um-center\">\n\t\t\t\t<input type=\"submit\" value=\"Sign up\" class=\"um-button\" id=\"um-submit-btn\" \/>\n\t\t\t<\/div>\n\n\t\t\n\t\t<div class=\"um-clear\"><\/div>\n\n\t<\/div>\n\n\t\t\t<\/form>\n\t<\/div>\n<\/div>\n<style>\n\t\t\t.um-3375.um {\n\t\t\tmax-width: 450px;\n\t\t}\n\t\t<\/style>\n[\/vc_column_text][\/vc_column][vc_column width=&#8221;1\/2&#8243;][vc_column_text]\n<div class=\"um um-login um-3376\">\n\t<div class=\"um-form\">\n\t\t<form method=\"post\" action=\"\" autocomplete=\"off\">\n\t\t\t<div class=\"um-row _um_row_1 \" style=\"margin: 0 0 30px 0;\"><div class=\"um-col-1\"><div  id=\"um_field_3376_user_email\" class=\"um-field um-field-text  um-field-user_email um-field-text um-field-type_text\" data-key=\"user_email\"><div class=\"um-field-label\"><label for=\"user_email-3376\">E-mail<span class=\"um-req\" title=\"Erforderlich\">*<\/span><\/label><div class=\"um-clear\"><\/div><\/div><div class=\"um-field-area\"><input  autocomplete=\"off\" class=\"um-form-field valid \" type=\"text\" name=\"user_email-3376\" id=\"user_email-3376\" value=\"\" placeholder=\"\" data-validate=\"\" data-key=\"user_email\"  aria-invalid=\"false\" \/>\n\n\t\t\t\t\t\t<\/div><\/div><div  id=\"um_field_3376_user_password\" class=\"um-field um-field-password  um-field-user_password um-field-password um-field-type_password\" data-key=\"user_password\"><div class=\"um-field-label\"><label for=\"user_password-3376\">Mot de passe \/ Passwort<span class=\"um-req\" title=\"Erforderlich\">*<\/span><\/label><div class=\"um-clear\"><\/div><\/div><div class=\"um-field-area\"><div class=\"um-field-area-password\">\n\t\t\t\t\t\t\t\t\t<input class=\"um-form-field valid \" type=\"password\" name=\"user_password-3376\" id=\"user_password-3376\" value=\"\" placeholder=\"\" data-validate=\"\" data-key=\"user_password\"  aria-invalid=\"false\" \/>\n\t\t\t\t\t\t\t\t\t<span class=\"um-toggle-password\"><i class=\"um-icon-eye\"><\/i><\/span>\n\t\t\t\t\t\t\t\t<\/div>\n\t\t\t\t\t\t\t<\/div><\/div><\/div><\/div>\t<input type=\"hidden\" name=\"form_id\" id=\"form_id_3376\" value=\"3376\" \/>\n\t\t<p class=\"um_request_name\">\n\t\t<label for=\"um_request_3376\">Only fill in if you are not human<\/label>\n\t\t<input type=\"hidden\" name=\"um_request\" id=\"um_request_3376\" class=\"input\" value=\"\" size=\"25\" autocomplete=\"off\" \/>\n\t<\/p>\n\t<input type=\"hidden\" name=\"redirect_to\" id=\"redirect_to\" value=\"https:\/\/swissmootcourt.ch\/?page_id=3384&#038;lang=fr\" \/><input type=\"hidden\" id=\"_wpnonce\" name=\"_wpnonce\" value=\"2c92dcef7e\" \/><input type=\"hidden\" name=\"_wp_http_referer\" value=\"\/index.php?rest_route=%2Fwp%2Fv2%2Fpages%2F3383\" \/>\n\t<div class=\"um-col-alt\">\n\n\t\t\n\t\t\t<div class=\"um-center\">\n\t\t\t\t<input type=\"submit\" value=\"Anmelden\" class=\"um-button\" id=\"um-submit-btn\" \/>\n\t\t\t<\/div>\n\n\t\t\n\t\t<div class=\"um-clear\"><\/div>\n\n\t<\/div>\n\n\t\n\t<div class=\"um-col-alt-b\">\n\t\t<a href=\"https:\/\/swissmootcourt.ch\/?page_id=3387&#038;lang=fr\" class=\"um-link-alt\">\n\t\t\tPasswort vergessen?\t\t<\/a>\n\t<\/div>\n\n\t\t\t<\/form>\n\t<\/div>\n<\/div>\n\n<div id=\"simple-translate\" class=\"simple-translate-system-theme\">\n<div>\n<div class=\"simple-translate-button isShow\" style=\"background-image: url('moz-extension:\/\/de8130d6-8062-4513-9b83-a483523dcc63\/icons\/512.png'); height: 22px; width: 22px; top: -24px; left: -73px;\"><\/div>\n<div class=\"simple-translate-panel \" style=\"width: 300px; height: 200px; top: 0px; left: 0px; font-size: 13px;\">\n<div class=\"simple-translate-result-wrapper\" style=\"overflow: hidden;\">\n<div class=\"simple-translate-move\" draggable=\"true\"><\/div>\n<div class=\"simple-translate-result-contents\">\n<p class=\"simple-translate-candidate\" dir=\"auto\">\n<\/div>\n<\/div>\n<\/div>\n<\/div>\n<\/div>\n[\/vc_column_text][\/vc_column][\/vc_row]\n","protected":false},"excerpt":{"rendered":"<p>[vc_row][vc_column][vc_column_text css=&#8221;.vc_custom_1742074871809{padding-top: 10px !important;padding-right: 16px !important;padding-bottom: 10px !important;padding-left: 16px !important;background-color: #f4f4f4 !important;}&#8221;] En vous inscrivant ou en vous connectant, vous aurez acc\u00e8s \u00e0 la liste des personnes qui cherchent \u00e0 former une \u00e9quipe en vue de la prochaine \u00e9dition du Swiss Moot Court. Notez qu&#8217;en vous inscrivant vos coordonn\u00e9es sont automatiquement ajout\u00e9es \u00e0 ladite liste.&hellip;<\/p>\n","protected":false},"author":6,"featured_media":0,"parent":0,"menu_order":0,"comment_status":"closed","ping_status":"closed","template":"","meta":{"footnotes":""},"class_list":["post-3383","page","type-page","status-publish","hentry","entry","no-media"],"_links":{"self":[{"href":"https:\/\/swissmootcourt.ch\/index.php?rest_route=\/wp\/v2\/pages\/3383","targetHints":{"allow":["GET"]}}],"collection":[{"href":"https:\/\/swissmootcourt.ch\/index.php?rest_route=\/wp\/v2\/pages"}],"about":[{"href":"https:\/\/swissmootcourt.ch\/index.php?rest_route=\/wp\/v2\/types\/page"}],"author":[{"embeddable":true,"href":"https:\/\/swissmootcourt.ch\/index.php?rest_route=\/wp\/v2\/users\/6"}],"replies":[{"embeddable":true,"href":"https:\/\/swissmootcourt.ch\/index.php?rest_route=%2Fwp%2Fv2%2Fcomments&post=3383"}],"version-history":[{"count":15,"href":"https:\/\/swissmootcourt.ch\/index.php?rest_route=\/wp\/v2\/pages\/3383\/revisions"}],"predecessor-version":[{"id":3799,"href":"https:\/\/swissmootcourt.ch\/index.php?rest_route=\/wp\/v2\/pages\/3383\/revisions\/3799"}],"wp:attachment":[{"href":"https:\/\/swissmootcourt.ch\/index.php?rest_route=%2Fwp%2Fv2%2Fmedia&parent=3383"}],"curies":[{"name":"wp","href":"https:\/\/api.w.org\/{rel}","templated":true}]}}