{"id":336,"date":"2019-08-23T07:38:04","date_gmt":"2019-08-23T06:38:04","guid":{"rendered":"https:\/\/beta.swissmootcourt.ch\/wettbewerb-2019-20\/"},"modified":"2026-05-06T23:02:45","modified_gmt":"2026-05-06T22:02:45","slug":"wettbewerb-2019-20-2","status":"publish","type":"page","link":"https:\/\/swissmootcourt.ch\/?page_id=336&lang=fr","title":{"rendered":"Concours 2026\/27"},"content":{"rendered":"[vc_row][vc_column]<div class=\"vcex-spacing wpex-w-100 wpex-clear\" style=\"height:15px\"><\/div><div class=\"vcex-heading vcex-module wpex-text-2xl wpex-font-normal wpex-m-auto wpex-max-w-100 vcex-heading-bottom-border-w-color wpex-block wpex-border-b-2 wpex-border-solid wpex-border-gray-200\" style=\"font-size:30px;border-bottom-color:#d6d6d6;\"><span class=\"vcex-heading-inner wpex-inline-block wpex-clr wpex-relative wpex-pb-5 wpex-border-b-2 wpex-border-solid wpex-border-accent\">Concours 2026\/27<\/span><\/div><div class=\"vcex-spacing wpex-w-100 wpex-clear\" style=\"height:20px\"><\/div><div class=\"textcenter theme-button-expanded-wrap theme-button-wrap wpex-clr\"><a href=\"https:\/\/swissmootcourt.ch\/?page_id=3383&#038;lang=fr\" class=\"vcex-button theme-button outline medium align-center expanded expanded\" target=\"_blank\" style=\"font-weight:700;\" rel=\"noopener noreferrer\"><span class=\"theme-button-inner\"><span class=\"vcex-icon-wrap theme-button-icon-left\"><span class=\"entypo-icon entypo-icon-users\" aria-hidden=\"true\"><\/span><\/span>Trouver des membres d&#8217;\u00e9quipe<\/span><\/a><\/div> [\/vc_column][\/vc_row][vc_row][vc_column width=&#8221;2\/3&#8243;]<h1 class=\"vcex-heading vcex-module wpex-text-2xl wpex-font-normal wpex-m-auto wpex-max-w-100 vcex-heading-plain wpex-block\"><span class=\"vcex-heading-inner wpex-inline-block wpex-clr\">Dates importantes<\/span><\/h1><div class=\"vcex-spacing wpex-w-100 wpex-clear\" style=\"height:30px\"><\/div>[vc_column_text]\n<table id=\"tablepress-5\" class=\"tablepress tablepress-id-5\">\n<tbody>\n<tr class=\"row-1\">\n\t<td class=\"column-1\"><strong>14 sep. 2026<\/strong><\/td><td class=\"column-2\">Publication du cas<\/td>\n<\/tr>\n<tr class=\"row-2\">\n\t<td class=\"column-1\"><strong>17 sep. \u2013 01 oct. 2026<\/strong><\/td><td class=\"column-2\">D\u00e9lai d'inscription et de paiement des frais d'inscription (\u00e0 partir de 21:00)<\/td>\n<\/tr>\n<tr class=\"row-3\">\n\t<td class=\"column-1\"><strong>TBD<\/strong><\/td><td class=\"column-2\">\u00c9v\u00e9nement en ligne : Kick-off (19:30)<\/td>\n<\/tr>\n<tr class=\"row-4\">\n\t<td class=\"column-1\"><strong>02 nov. 2026<\/strong><\/td><td class=\"column-2\">Envoi des travaux \u00e9crits (jusqu'\u00e0 23:59)<\/td>\n<\/tr>\n<tr class=\"row-5\">\n\t<td class=\"column-1\"><strong>11 jan. 2027<\/strong><\/td><td class=\"column-2\">Publication de la liste des finalistes<\/td>\n<\/tr>\n<tr class=\"row-6\">\n\t<td class=\"column-1\"><strong>12 f\u00e9v. \u2013 13 f\u00e9v. 2027<\/strong><\/td><td class=\"column-2\">Phase orale<\/td>\n<\/tr>\n<\/tbody>\n<\/table>\n<!-- #tablepress-5 from cache -->[\/vc_column_text]<div class=\"vcex-spacing wpex-w-100 wpex-clear\" style=\"height:30px\"><\/div>[vc_separator]<div class=\"vcex-spacing wpex-w-100 wpex-clear\" style=\"height:30px\"><\/div><h1 class=\"vcex-heading vcex-module wpex-text-2xl wpex-font-normal wpex-m-auto wpex-max-w-100 vcex-heading-plain wpex-block\"><span class=\"vcex-heading-inner wpex-inline-block wpex-clr\">R\u00e8glement \/ D\u00e9claration sur l'honneur<\/span><\/h1><div class=\"vcex-spacing wpex-w-100 wpex-clear\" style=\"height:30px\"><\/div><div class=\"vcex-module vcex-list_item wpex-max-w-100 wpex-clr wpex-mb-5\"><a  href=\"http:\/\/swissmootcourt.ch\/wp-content\/uploads\/2025\/10\/Reglement-Swiss-Moot-Court-DE.docx.pdf\" target=\"_blank\" rel=\"noopener noreferrer\" class=\"vcex-list-item-link wpex-no-underline\"><div class=\"vcex-list-item-inner wpex-inline-flex wpex-flex-no-wrap\"><div class=\"vcex-list-item-icon wpex-mr-10\"><div class=\"vcex-icon-wrap wpex-inline-flex wpex-justify-center wpex-items-center\"><span class=\"ticon ticon-file-pdf-o\"><\/span><\/div><\/div><div class=\"vcex-list-item-text vcex-content wpex-flex-grow\">SMC R\u00e8glement &#8211; Allemand<\/div><\/div><\/a><\/div><div class=\"vcex-module vcex-list_item wpex-max-w-100 wpex-clr wpex-mb-5\"><a  href=\"http:\/\/swissmootcourt.ch\/wp-content\/uploads\/2025\/10\/Reglement-Swiss-Moot-Court-FR.docx.pdf\" target=\"_blank\" rel=\"noopener noreferrer\" class=\"vcex-list-item-link wpex-no-underline\"><div class=\"vcex-list-item-inner wpex-inline-flex wpex-flex-no-wrap\"><div class=\"vcex-list-item-icon wpex-mr-10\"><div class=\"vcex-icon-wrap wpex-inline-flex wpex-justify-center wpex-items-center\"><span class=\"ticon ticon-file-pdf-o\"><\/span><\/div><\/div><div class=\"vcex-list-item-text vcex-content wpex-flex-grow\">SMC R\u00e8glement &#8211; Fran\u00e7ais<\/div><\/div><\/a><\/div><div class=\"vcex-module vcex-list_item wpex-max-w-100 wpex-clr wpex-mb-5\"><a  href=\"http:\/\/swissmootcourt.ch\/wp-content\/uploads\/2022\/09\/Eigenstandigkeitserklarung.pdf\" target=\"_blank\" rel=\"noopener noreferrer\" class=\"vcex-list-item-link wpex-no-underline\"><div class=\"vcex-list-item-inner wpex-inline-flex wpex-flex-no-wrap\"><div class=\"vcex-list-item-icon wpex-mr-10\"><div class=\"vcex-icon-wrap wpex-inline-flex wpex-justify-center wpex-items-center\"><span class=\"ticon ticon-file-pdf-o\"><\/span><\/div><\/div><div class=\"vcex-list-item-text vcex-content wpex-flex-grow\">Eigenst\u00e4ndigkeitserkl\u00e4rung \u2013 Deutsch<\/div><\/div><\/a><\/div><div class=\"vcex-module vcex-list_item wpex-max-w-100 wpex-clr wpex-mb-5\"><a  href=\"http:\/\/swissmootcourt.ch\/wp-content\/uploads\/2022\/09\/Declaration-sur-lhonneur.pdf\" target=\"_blank\" rel=\"noopener noreferrer\" class=\"vcex-list-item-link wpex-no-underline\"><div class=\"vcex-list-item-inner wpex-inline-flex wpex-flex-no-wrap\"><div class=\"vcex-list-item-icon wpex-mr-10\"><div class=\"vcex-icon-wrap wpex-inline-flex wpex-justify-center wpex-items-center\"><span class=\"ticon ticon-file-pdf-o\"><\/span><\/div><\/div><div class=\"vcex-list-item-text vcex-content wpex-flex-grow\">D\u00e9claration sur l&#8217;honneur \u2013 Fran\u00e7ais<\/div><\/div><\/a><\/div><div class=\"vcex-module vcex-list_item wpex-max-w-100 wpex-clr wpex-mb-5\"><a  href=\"http:\/\/swissmootcourt.ch\/?page_id=2710\" title=\"FAQ\" target=\"_blank\" rel=\"noopener noreferrer\" class=\"vcex-list-item-link wpex-no-underline\"><div class=\"vcex-list-item-inner wpex-inline-flex wpex-flex-no-wrap\"><div class=\"vcex-list-item-icon wpex-mr-10\"><div class=\"vcex-icon-wrap wpex-inline-flex wpex-justify-center wpex-items-center\"><span class=\"far fa-question-circle\"><\/span><\/div><\/div><div class=\"vcex-list-item-text vcex-content wpex-flex-grow\">FAQ &#8211; Questions fr\u00e9quentes<\/div><\/div><\/a><\/div>[\/vc_column][vc_column width=&#8221;1\/3&#8243;][vc_column_text font_family=&#8221;system-ui&#8221; css=&#8221;.vc_custom_1778104896629{padding-top: 10px !important;padding-right: 15px !important;padding-bottom: 13px !important;padding-left: 15px !important;background-color: #e5e5e5 !important;}&#8221;]<span class=\"wpex-text-3xl\"><span style=\"color: #333333;\">Cas 2026\/27<\/span><\/span><\/p>\n<p>Fran\u00e7ais :<br \/>\nAllemand :<\/p>\n<p><strong>R\u00e9dactrice :<br \/>\n<\/strong>Prof. Flora Stanischweski<\/p>\n<p><strong>Domaine du droit :<br \/>\n<\/strong>Droit du travail<\/p>\n<p style=\"text-align: justify;\"><strong>Questions sur le cas :<\/strong><br \/>\nFran\u00e7ais :<br \/>\nAllemand :<\/p>\n[\/vc_column_text]<div class=\"vcex-spacing wpex-w-100 wpex-clear\" style=\"height:30px\"><\/div>[vc_separator]<div class=\"owl-wrapper-outer\"><div class=\"vcex-module wpex-carousel wpex-carousel-images wpex-clr owl-carousel\" data-wpex-carousel=\"{&quot;nav&quot;:false,&quot;dots&quot;:true,&quot;autoplay&quot;:true,&quot;loop&quot;:true,&quot;center&quot;:true,&quot;smartSpeed&quot;:500,&quot;items&quot;:1,&quot;slideBy&quot;:1,&quot;autoplayTimeout&quot;:11000,&quot;margin&quot;:15,&quot;itemsTablet&quot;:1,&quot;itemsMobileLandscape&quot;:1,&quot;itemsMobilePortrait&quot;:1,&quot;autoHeight&quot;:true}\" style=\"animation-duration:7s;\"><div class=\"wpex-carousel-slide\"><figure class=\"wpex-carousel-entry-media entry-media\"><img loading=\"lazy\" decoding=\"async\" data-no-lazy=\"1\" class=\"wpex-align-middle skip-lazy\" src=\"https:\/\/swissmootcourt.ch\/wp-content\/uploads\/2026\/05\/redac_2026.jpeg\" alt=\"\" width=\"1080\" height=\"1080\" \/><\/figure><\/div><div class=\"wpex-carousel-slide\"><figure class=\"wpex-carousel-entry-media entry-media\"><img loading=\"lazy\" decoding=\"async\" data-no-lazy=\"1\" class=\"wpex-align-middle skip-lazy\" src=\"https:\/\/swissmootcourt.ch\/wp-content\/uploads\/2026\/03\/SMC_2026_27.jpeg\" alt=\"\" width=\"1290\" height=\"1770\" \/><\/figure><\/div><\/div><\/div>[\/vc_column][\/vc_row]\n","protected":false},"excerpt":{"rendered":"<p>[vc_row][vc_column][\/vc_column][\/vc_row][vc_row][vc_column width=&#8221;2\/3&#8243;][vc_column_text][\/vc_column_text][vc_separator][\/vc_column][vc_column width=&#8221;1\/3&#8243;][vc_column_text font_family=&#8221;system-ui&#8221; css=&#8221;.vc_custom_1778104896629{padding-top: 10px !important;padding-right: 15px !important;padding-bottom: 13px !important;padding-left: 15px !important;background-color: #e5e5e5 !important;}&#8221;]Cas 2026\/27 Fran\u00e7ais : Allemand : R\u00e9dactrice : Prof. Flora Stanischweski Domaine du droit : Droit du travail Questions sur le cas : Fran\u00e7ais : Allemand : [\/vc_column_text][vc_separator][\/vc_column][\/vc_row]<\/p>\n","protected":false},"author":1,"featured_media":0,"parent":0,"menu_order":0,"comment_status":"closed","ping_status":"closed","template":"","meta":{"footnotes":""},"class_list":["post-336","page","type-page","status-publish","hentry","entry","no-media"],"_links":{"self":[{"href":"https:\/\/swissmootcourt.ch\/index.php?rest_route=\/wp\/v2\/pages\/336","targetHints":{"allow":["GET"]}}],"collection":[{"href":"https:\/\/swissmootcourt.ch\/index.php?rest_route=\/wp\/v2\/pages"}],"about":[{"href":"https:\/\/swissmootcourt.ch\/index.php?rest_route=\/wp\/v2\/types\/page"}],"author":[{"embeddable":true,"href":"https:\/\/swissmootcourt.ch\/index.php?rest_route=\/wp\/v2\/users\/1"}],"replies":[{"embeddable":true,"href":"https:\/\/swissmootcourt.ch\/index.php?rest_route=%2Fwp%2Fv2%2Fcomments&post=336"}],"version-history":[{"count":225,"href":"https:\/\/swissmootcourt.ch\/index.php?rest_route=\/wp\/v2\/pages\/336\/revisions"}],"predecessor-version":[{"id":4209,"href":"https:\/\/swissmootcourt.ch\/index.php?rest_route=\/wp\/v2\/pages\/336\/revisions\/4209"}],"wp:attachment":[{"href":"https:\/\/swissmootcourt.ch\/index.php?rest_route=%2Fwp%2Fv2%2Fmedia&parent=336"}],"curies":[{"name":"wp","href":"https:\/\/api.w.org\/{rel}","templated":true}]}}