{"id":360,"date":"2019-08-23T07:38:27","date_gmt":"2019-08-23T05:38:27","guid":{"rendered":"https:\/\/beta.swissmootcourt.ch\/reconnaissance\/"},"modified":"2024-09-26T18:33:12","modified_gmt":"2024-09-26T16:33:12","slug":"reconnaissance","status":"publish","type":"page","link":"http:\/\/swissmootcourt.ch\/?page_id=360&lang=fr","title":{"rendered":"Reconnaissances"},"content":{"rendered":"[vc_row][vc_column]<div class=\"vcex-spacing wpex-w-100 wpex-clear\" style=\"height:15px\"><\/div><div class=\"vcex-heading vcex-module wpex-text-2xl wpex-font-normal wpex-m-auto wpex-max-w-100 vcex-heading-bottom-border-w-color wpex-block wpex-border-b-2 wpex-border-solid wpex-border-gray-200\" style=\"font-size:30px;border-bottom-color:#d6d6d6;\"><span class=\"vcex-heading-inner wpex-inline-block wpex-clr wpex-relative wpex-pb-5 wpex-border-b-2 wpex-border-solid wpex-border-accent\">Reconnaissances<\/span><\/div><div class=\"vcex-spacing wpex-w-100 wpex-clear\" style=\"height:45px\"><\/div>[vc_column_text css=&#8221;.vc_custom_1727368424921{padding-top: 10px !important;padding-right: 16px !important;padding-bottom: 10px !important;padding-left: 16px !important;background-color: #f4f4f4 !important;}&#8221;]\n<div class=\"ce_text first block\">\n<div class=\"ce_text first block\">\n<p style=\"text-align: justify;\" align=\"justify\"><span class=\"wpex-text-lg\">La reconnaissance de la participation au Swiss Moot Court varie selon le syst\u00e8me de chaque universit\u00e9. Consultez notre tableau pour savoir comment votre universit\u00e9 reconna\u00eet la participation. Contactez la personne de r\u00e9f\u00e9rence indiqu\u00e9e pour obtenir plus de d\u00e9tails.<\/span><\/p>\n<\/div>\n<\/div>\n[\/vc_column_text][\/vc_column][\/vc_row][vc_row visibility=&#8221;hidden-phone&#8221;][vc_column][vc_column_text]\n<table id=\"tablepress-4\" class=\"tablepress tablepress-id-4\">\n<tbody class=\"row-striping row-hover\">\n<tr class=\"row-1\">\n\t<td class=\"column-1\"><strong> Universit\u00e9<\/strong><\/td><td class=\"column-2\"><strong>Phase \u00e9crite<\/strong><\/td><td class=\"column-3\"><\/td><td class=\"column-4\"><strong>Phase orale<\/strong><\/td><td class=\"column-5\"><\/td><td class=\"column-6\"><strong> Contact <\/strong><\/td>\n<\/tr>\n<tr class=\"row-2\">\n\t<td class=\"column-1\"><strong><a href=\"https:\/\/www.ziv.unibe.ch\/studium\/swiss_moot_court\/index_ger.html\" rel=\"noopener\" target=\"_blank\">Berne<\/a><\/strong><\/td><td class=\"column-2\"><p align=\"justify\">Bachelor :<br \/>\nParticipation \u00e0 la phase \u00e9crite : prise en compte comme \u201cFall\u00f6sung\u201d (5 ECTS).<br \/>\n<br \/>\nParticipation \u00e0 la phase \u00e9crite et au Pre-Moot de l'Universit\u00e9 de Berne : prise en compte comme \u201cFall\u00f6sung\u201d (5 ECTS pour la phase \u00e9crite) et comme travail de s\u00e9minaire (5 ECTS pour la participation au Pre-Moot Court de l'Universit\u00e9 de Berne).<br \/>\n<br \/>\nMaster :<br \/>\nParticipation \u00e0 la phase \u00e9crite et au Pre-Moot de l'Universit\u00e9 de Berne : prise en compte comme travail de s\u00e9minaire (10 ECTS).<\/p><\/td><td class=\"column-3\"><\/td><td class=\"column-4\"><p align=\"justify\">-<\/p><\/td><td class=\"column-5\"><\/td><td class=\"column-6\">Prof. Stephanie Hrubesch et Philip Lengacher<\/td>\n<\/tr>\n<tr class=\"row-3\">\n\t<td class=\"column-1\"><strong><a href=\"https:\/\/ius.unibas.ch\/de\/swiss-moot-court\/\" rel=\"noopener\" target=\"_blank\">B\u00e2le<\/a><\/strong><\/td><td class=\"column-2\"><p align=\"justify\">Bachelor et Master :<br \/>\nLa reconnaissance se fait au moins sous la forme d'une attestation de s\u00e9minaire.<br \/>\n<br \/>\nMaster :<br \/>\nEn outre, l'acquisition de cr\u00e9dits pour un petit ou un grand travail de master est possible apr\u00e8s accord et si des prestations suppl\u00e9mentaires correspondantes sont fournies (travail th\u00e9matique individuel de 20 ou 40 pages dans le domaine th\u00e9matique du SMC de cette ann\u00e9e).<br \/>\n<\/p><\/td><td class=\"column-3\"><\/td><td class=\"column-4\"><p align=\"justify\">-<\/p><\/td><td class=\"column-5\"><\/td><td class=\"column-6\">Prof. Peter Jung<\/td>\n<\/tr>\n<tr class=\"row-4\">\n\t<td class=\"column-1\"><strong><a href=\"https:\/\/www.unifr.ch\/ius\/fr\/etudes\/coursexamens\/mootcourts.html\" rel=\"noopener\" target=\"_blank\">Fribourg<\/a><\/strong><\/td><td class=\"column-2\"><p align=\"justify\">Bachelor :<br \/>\n3 ECTS travail de pros\u00e9minaire et 1 ECTS cr\u00e9dits sp\u00e9ciaux OU 4 ECTS cr\u00e9dits sp\u00e9ciaux.<br \/>\n<br \/>\nMaster :<br \/>\n4 ECTS cr\u00e9dits sp\u00e9ciaux.<br \/>\n<\/p><\/td><td class=\"column-3\"><\/td><td class=\"column-4\"><p align=\"justify\">Bachelor et Master :<br \/>\n4 ECTS additionnels.<\/p><\/td><td class=\"column-5\"><\/td><td class=\"column-6\">Prof. Adriano Previtali<\/td>\n<\/tr>\n<tr class=\"row-5\">\n\t<td class=\"column-1\"><strong><a href=\"https:\/\/moodle.unige.ch\/course\/view.php?id=5311\" rel=\"noopener\" target=\"_blank\">Gen\u00e8ve<\/a><\/strong><\/td><td class=\"column-2\"><p align=\"justify\">Bachelor :<br \/>\n3 ECTS pour autant que le travail soit jug\u00e9 suffisant en fonction du niveau concern\u00e9.<br \/>\n<br \/>\nMaster :<br \/>\n6 ECTS pour autant que le travail soit jug\u00e9 suffisant en fonction du niveau concern\u00e9.<\/p><\/td><td class=\"column-3\"><\/td><td class=\"column-4\"><p align=\"justify\">-<\/p><\/td><td class=\"column-5\"><\/td><td class=\"column-6\">Prof. Julia Xoudis<\/td>\n<\/tr>\n<tr class=\"row-6\">\n\t<td class=\"column-1\"><strong><a href=\"https:\/\/www.unil.ch\/ecolededroit\/fr\/home\/menuguid\/etudiantes\/concours-juridiques.html\" rel=\"noopener\" target=\"_blank\">Lausanne<\/a><\/strong><\/td><td class=\"column-2\"><p align=\"justify\">Bachelor :<br \/>\nReconnaissance comme travail personnel. 3 ECTS pour autant que le travail soit jug\u00e9 suffisant.<br \/>\n<br \/>\nMaster :<br \/>\nReconnaissance comme travail personnel. 2 ECTS pour autant que le travail soit jug\u00e9 suffisant.<\/p><\/td><td class=\"column-3\"><\/td><td class=\"column-4\"><p align=\"justify\">Master :<br \/>\n4 ECTS additionnels.<\/p><\/td><td class=\"column-5\"><\/td><td class=\"column-6\">Prof. Edgar Philippin<\/td>\n<\/tr>\n<tr class=\"row-7\">\n\t<td class=\"column-1\"><strong><a href=\"https:\/\/www.unilu.ch\/studium\/lehrveranstaltungen-pruefungen-reglemente\/rf\/lehrveranstaltungen\/moot-courts\/swiss-moot-court\/\" rel=\"noopener\" target=\"_blank\">Lucerne<\/a><\/strong><\/td><td class=\"column-2\"><p align=\"justify\">Master :<br \/>\n5 ECTS.<\/p><\/td><td class=\"column-3\"><\/td><td class=\"column-4\"><p align=\"justify\">Master :<br \/>\n2 ECTS additionnels.<\/p><\/td><td class=\"column-5\"><\/td><td class=\"column-6\">Ass.-Prof. Dr. iur. Claude Humbel<\/td>\n<\/tr>\n<tr class=\"row-8\">\n\t<td class=\"column-1\"><strong><a href=\"https:\/\/www.unine.ch\/droit\/home\/formations\/moot_courts\/swiss-moot-court.html\" rel=\"noopener\" target=\"_blank\">Neuch\u00e2tel<\/a><\/strong><\/td><td class=\"column-2\"><p align=\"justify\">Bachelor et Master :<br \/>\n4 ECTS pour autant que le travail soit jug\u00e9 suffisant en fonction du niveau concern\u00e9.<\/p><\/td><td class=\"column-3\"><\/td><td class=\"column-4\"><p align=\"justify\">Bachelor et Master :<br \/>\n4 ECTS additionnels pour autant que la prestation soit jug\u00e9e suffisante en fonction du niveau concern\u00e9.<br \/>\n<\/p><\/td><td class=\"column-5\"><\/td><td class=\"column-6\">Prof. Fran\u00e7ois Bohnet et Gilles Lauener<\/td>\n<\/tr>\n<tr class=\"row-9\">\n\t<td class=\"column-1\"><strong><p style=\"color:#2b3577\";>Saint-Gall<\/p><\/strong><\/td><td class=\"column-2\"><p align=\"justify\">Bachelor : <br \/>\nPris en compte comme \u201cWahlbereich\u201d (6 ECTS).<br \/>\n<br \/>\nBLE : <br \/>\nReconnaissance comme \u201cWahlfach\u201d dans le cadre de la qualification suppl\u00e9mentaire \u00ab Programme d'enseignement du droit pour Law &amp; Economics (LLE) \u00bb (6 ECTS).<\/p><\/td><td class=\"column-3\"><\/td><td class=\"column-4\"><p align=\"justify\">-<\/p><\/td><td class=\"column-5\"><\/td><td class=\"column-6\">Prof. Isabelle Wildhaber et Milena Vidali<\/td>\n<\/tr>\n<tr class=\"row-10\">\n\t<td class=\"column-1\"><strong><p style=\"color:#2b3577\";>UniDistance<\/p><\/strong><\/td><td class=\"column-2\"><p align=\"justify\">Bachelor et Master :<br \/>\n4 ECTS pour autant que le travail soit jug\u00e9 suffisant en fonction du niveau concern\u00e9.<\/p><\/td><td class=\"column-3\"><\/td><td class=\"column-4\"><p align=\"justify\">Bachelor :<br \/>\n4 ECTS additionnels.<br \/>\n<br \/>\nMaster :<br \/>\n2 ECTS additionnels.<\/p><\/td><td class=\"column-5\"><\/td><td class=\"column-6\">Prof. Arnaud Nussbaumer-Laghzaoui<\/td>\n<\/tr>\n<tr class=\"row-11\">\n\t<td class=\"column-1\"><strong><p style=\"color:#2b3577\";>FernUni<\/p><\/strong><\/td><td class=\"column-2\"><p align=\"justify\">Bachelor et Master :<br \/>\n4 ECTS pour autant que le travail soit jug\u00e9 suffisant en fonction du niveau concern\u00e9.<\/p><\/td><td class=\"column-3\"><\/td><td class=\"column-4\"><p align=\"justify\">Bachelor :<br \/>\n4 ECTS additionnels.<br \/>\n<br \/>\nMaster :<br \/>\n2 ECTS additionnels.<\/p><\/td><td class=\"column-5\"><\/td><td class=\"column-6\">Prof. Bruno Pasquier<\/td>\n<\/tr>\n<tr class=\"row-12\">\n\t<td class=\"column-1\"><strong><a href=\"https:\/\/www.ius.uzh.ch\/de\/staff\/professorships\/alphabetical\/dedual\/smc.html\" rel=\"noopener\" target=\"_blank\">Zurich<\/a><\/strong><\/td><td class=\"column-2\"><p align=\"justify\">Bachelor :<br \/>\nReconnaissance en tant que travail de Bachelor (6 ECTS).<br \/>\n<br \/>\nMaster :<br \/>\nReconnaissance en tant qu\u2019option (6 ECTS).<\/p><\/td><td class=\"column-3\"><\/td><td class=\"column-4\"><p align=\"justify\">-<\/p><\/td><td class=\"column-5\"><\/td><td class=\"column-6\">Prof. Alessia Dedual<\/td>\n<\/tr>\n<\/tbody>\n<\/table>\n[\/vc_column_text][\/vc_column][\/vc_row][vc_row visibility=&#8221;visible-phone&#8221;][vc_column][vc_column_text]\n<table id=\"tablepress-4-mobile\" class=\"tablepress tablepress-id-4-mobile\">\n<tbody class=\"row-striping row-hover\">\n<tr class=\"row-1\">\n\t<td class=\"column-1\"><strong> Universit\u00e9<\/strong><\/td><td class=\"column-2\"><strong>Phase \u00e9crite<\/strong><\/td><td class=\"column-3\"><\/td><td class=\"column-4\"><strong>Phase orale<\/strong><\/td>\n<\/tr>\n<tr class=\"row-2\">\n\t<td class=\"column-1\"><strong><a href=\"https:\/\/www.ziv.unibe.ch\/studium\/swiss_moot_court\/index_ger.html\" rel=\"noopener\" target=\"_blank\">Berne<\/a><\/strong><\/td><td class=\"column-2\">Bachelor :<br \/>\nParticipation \u00e0 la phase \u00e9crite : prise en compte comme \u201cFall\u00f6sung\u201d (5 ECTS).<br \/>\n<br \/>\nParticipation \u00e0 la phase \u00e9crite et au Pre-Moot de l'Universit\u00e9 de Berne : prise en compte comme \u201cFall\u00f6sung\u201d (5 ECTS pour la phase \u00e9crite) et comme travail de s\u00e9minaire (5 ECTS pour la participation au Pre-Moot Court de l'Universit\u00e9 de Berne).<br \/>\n<br \/>\nMaster :<br \/>\nParticipation \u00e0 la phase \u00e9crite et au Pre-Moot de l'Universit\u00e9 de Berne : prise en compte comme travail de s\u00e9minaire (10 ECTS).<\/td><td class=\"column-3\"><\/td><td class=\"column-4\">-<\/td>\n<\/tr>\n<tr class=\"row-3\">\n\t<td class=\"column-1\"><strong><a href=\"https:\/\/ius.unibas.ch\/de\/swiss-moot-court\/\" rel=\"noopener\" target=\"_blank\">B\u00e2le<\/a><\/strong><\/td><td class=\"column-2\">Bachelor et Master :<br \/>\nLa reconnaissance se fait au moins sous la forme d'une attestation de s\u00e9minaire.<br \/>\n<br \/>\nMaster :<br \/>\nEn outre, l'acquisition de cr\u00e9dits pour un petit ou un grand travail de master est possible apr\u00e8s accord et si des prestations suppl\u00e9mentaires correspondantes sont fournies (travail th\u00e9matique individuel de 20 ou 40 pages dans le domaine th\u00e9matique du SMC de cette ann\u00e9e).<\/td><td class=\"column-3\"><\/td><td class=\"column-4\">-<\/td>\n<\/tr>\n<tr class=\"row-4\">\n\t<td class=\"column-1\"><strong><a href=\"https:\/\/www.unifr.ch\/ius\/fr\/etudes\/coursexamens\/mootcourts.html\" rel=\"noopener\" target=\"_blank\">Fribourg<\/a><\/strong><\/td><td class=\"column-2\">Bachelor :<br \/>\n3 ECTS travail de pros\u00e9minaire et 1 ECTS cr\u00e9dits sp\u00e9ciaux OU 4 ECTS cr\u00e9dits sp\u00e9ciaux.<br \/>\n<br \/>\nMaster :<br \/>\n4 ECTS cr\u00e9dits sp\u00e9ciaux.<\/td><td class=\"column-3\"><\/td><td class=\"column-4\">Bachelor et Master :<br \/>\n4 ECTS additionnels.<\/td>\n<\/tr>\n<tr class=\"row-5\">\n\t<td class=\"column-1\"><strong><a href=\"https:\/\/moodle.unige.ch\/course\/view.php?id=5311\" rel=\"noopener\" target=\"_blank\">Gen\u00e8ve<\/a><\/strong><\/td><td class=\"column-2\">Bachelor :<br \/>\n3 ECTS pour autant que le travail soit jug\u00e9 suffisant en fonction du niveau concern\u00e9.<br \/>\n<br \/>\nMaster :<br \/>\n6 ECTS pour autant que le travail soit jug\u00e9 suffisant en fonction du niveau concern\u00e9.<\/td><td class=\"column-3\"><\/td><td class=\"column-4\">-<\/td>\n<\/tr>\n<tr class=\"row-6\">\n\t<td class=\"column-1\"><strong><a href=\"https:\/\/www.unil.ch\/ecolededroit\/fr\/home\/menuguid\/etudiantes\/concours-juridiques.html\" rel=\"noopener\" target=\"_blank\">Lausanne<\/a><\/strong><\/td><td class=\"column-2\">Bachelor :<br \/>\nReconnaissance comme travail personnel. 3 ECTS pour autant que le travail soit jug\u00e9 suffisant.<br \/>\n<br \/>\nMaster :<br \/>\nReconnaissance comme travail personnel. 2 ECTS pour autant que le travail soit jug\u00e9 suffisant.<\/td><td class=\"column-3\"><\/td><td class=\"column-4\">Master :<br \/>\n4 ECTS additionnels.<\/td>\n<\/tr>\n<tr class=\"row-7\">\n\t<td class=\"column-1\"><strong><a href=\"https:\/\/www.unilu.ch\/studium\/lehrveranstaltungen-pruefungen-reglemente\/rf\/lehrveranstaltungen\/moot-courts\/swiss-moot-court\/\" rel=\"noopener\" target=\"_blank\">Lucerne<\/a><\/strong><\/td><td class=\"column-2\">Master :<br \/>\n5 ECTS.<\/td><td class=\"column-3\"><\/td><td class=\"column-4\">Master :<br \/>\n2 ECTS additionnels.<\/td>\n<\/tr>\n<tr class=\"row-8\">\n\t<td class=\"column-1\"><strong><a href=\"https:\/\/www.unine.ch\/droit\/home\/formations\/moot_courts\/swiss-moot-court.html\" rel=\"noopener\" target=\"_blank\">Neuch\u00e2tel<\/a><\/strong><\/td><td class=\"column-2\">Bachelor et Master :<br \/>\n4 ECTS pour autant que le travail soit jug\u00e9 suffisant en fonction du niveau concern\u00e9.<\/td><td class=\"column-3\"><\/td><td class=\"column-4\">Bachelor et Master :<br \/>\n4 ECTS additionnels pour autant que la prestation soit jug\u00e9e suffisante en fonction du niveau concern\u00e9.<\/td>\n<\/tr>\n<tr class=\"row-9\">\n\t<td class=\"column-1\"><strong><p style=\"color:#2b3577\";>Saint-Gall<\/p><\/strong><\/td><td class=\"column-2\">Bachelor : <br \/>\nPris en compte comme \u201cWahlbereich\u201d (6 ECTS).<br \/>\n<br \/>\nBLE : <br \/>\nReconnaissance comme \u201cWahlfach\u201d dans le cadre de la qualification suppl\u00e9mentaire \u00ab Programme d'enseignement du droit pour Law &amp; Economics (LLE) \u00bb (6 ECTS).<\/td><td class=\"column-3\"><\/td><td class=\"column-4\">-<\/td>\n<\/tr>\n<tr class=\"row-10\">\n\t<td class=\"column-1\"><strong><p style=\"color:#2b3577\";>UniDistance<\/p><\/strong><\/td><td class=\"column-2\">Bachelor et Master :<br \/>\n4 ECTS pour autant que le travail soit jug\u00e9 suffisant en fonction du niveau concern\u00e9.<\/td><td class=\"column-3\"><\/td><td class=\"column-4\">Bachelor :<br \/>\n4 ECTS additionnels.<br \/>\n<br \/>\nMaster :<br \/>\n2 ECTS additionnels.<\/td>\n<\/tr>\n<tr class=\"row-11\">\n\t<td class=\"column-1\"><strong><p style=\"color:#2b3577\";>FernUni<\/p><\/strong><\/td><td class=\"column-2\">Bachelor et Master :<br \/>\n4 ECTS pour autant que le travail soit jug\u00e9 suffisant en fonction du niveau concern\u00e9.<\/td><td class=\"column-3\"><\/td><td class=\"column-4\">Bachelor :<br \/>\n4 ECTS additionnels.<br \/>\n<br \/>\nMaster :<br \/>\n2 ECTS additionnels.<\/td>\n<\/tr>\n<tr class=\"row-12\">\n\t<td class=\"column-1\"><strong><a href=\"https:\/\/www.ius.uzh.ch\/de\/staff\/professorships\/alphabetical\/dedual\/smc.html\" rel=\"noopener\" target=\"_blank\">Zurich<\/a><\/strong><\/td><td class=\"column-2\">Bachelor :<br \/>\nReconnaissance en tant que travail de Bachelor (6 ECTS).<br \/>\n<br \/>\nMaster :<br \/>\nReconnaissance en tant qu\u2019option (6 ECTS).<\/td><td class=\"column-3\"><\/td><td class=\"column-4\">-<\/td>\n<\/tr>\n<\/tbody>\n<\/table>\n[\/vc_column_text][\/vc_column][\/vc_row]\n","protected":false},"excerpt":{"rendered":"<p>[vc_row][vc_column][vc_column_text css=&#8221;.vc_custom_1727368424921{padding-top: 10px !important;padding-right: 16px !important;padding-bottom: 10px !important;padding-left: 16px !important;background-color: #f4f4f4 !important;}&#8221;] La reconnaissance de la participation au Swiss Moot Court varie selon le syst\u00e8me de chaque universit\u00e9. Consultez notre tableau pour savoir comment votre universit\u00e9 reconna\u00eet la participation. Contactez la personne de r\u00e9f\u00e9rence indiqu\u00e9e pour obtenir plus de d\u00e9tails. [\/vc_column_text][\/vc_column][\/vc_row][vc_row visibility=&#8221;hidden-phone&#8221;][vc_column][vc_column_text][\/vc_column_text][\/vc_column][\/vc_row][vc_row visibility=&#8221;visible-phone&#8221;][vc_column][vc_column_text][\/vc_column_text][\/vc_column][\/vc_row]<\/p>\n","protected":false},"author":1,"featured_media":0,"parent":0,"menu_order":0,"comment_status":"closed","ping_status":"closed","template":"","meta":{"footnotes":""},"class_list":["post-360","page","type-page","status-publish","hentry","entry","no-media"],"_links":{"self":[{"href":"http:\/\/swissmootcourt.ch\/index.php?rest_route=\/wp\/v2\/pages\/360","targetHints":{"allow":["GET"]}}],"collection":[{"href":"http:\/\/swissmootcourt.ch\/index.php?rest_route=\/wp\/v2\/pages"}],"about":[{"href":"http:\/\/swissmootcourt.ch\/index.php?rest_route=\/wp\/v2\/types\/page"}],"author":[{"embeddable":true,"href":"http:\/\/swissmootcourt.ch\/index.php?rest_route=\/wp\/v2\/users\/1"}],"replies":[{"embeddable":true,"href":"http:\/\/swissmootcourt.ch\/index.php?rest_route=%2Fwp%2Fv2%2Fcomments&post=360"}],"version-history":[{"count":13,"href":"http:\/\/swissmootcourt.ch\/index.php?rest_route=\/wp\/v2\/pages\/360\/revisions"}],"predecessor-version":[{"id":3500,"href":"http:\/\/swissmootcourt.ch\/index.php?rest_route=\/wp\/v2\/pages\/360\/revisions\/3500"}],"wp:attachment":[{"href":"http:\/\/swissmootcourt.ch\/index.php?rest_route=%2Fwp%2Fv2%2Fmedia&parent=360"}],"curies":[{"name":"wp","href":"https:\/\/api.w.org\/{rel}","templated":true}]}}