{"id":332,"date":"2019-08-23T07:40:36","date_gmt":"2019-08-23T06:40:36","guid":{"rendered":"https:\/\/beta.swissmootcourt.ch\/startseite\/"},"modified":"2025-01-08T23:33:22","modified_gmt":"2025-01-08T22:33:22","slug":"startseite","status":"publish","type":"page","link":"http:\/\/swissmootcourt.ch\/?page_id=332&lang=fr","title":{"rendered":"Page d&#8217;accueil"},"content":{"rendered":"[vc_row][vc_column]<figure class=\"vcex-image vcex-module wpex-clr\"><div class=\"vcex-image-inner wpex-relative wpex-inline-block vc_custom_1566741498735\"><img decoding=\"async\" loading=\"lazy\" class=\"wpex-align-middle\" src=\"http:\/\/swissmootcourt.ch\/wp-content\/uploads\/2019\/08\/header_smc.jpg\" alt=\"\" width=\"1200\" height=\"425\" \/><\/div><\/figure>[\/vc_column][\/vc_row][vc_row][vc_column width=&#8221;2\/3&#8243;]<div class=\"vcex-heading vcex-module wpex-text-2xl wpex-font-normal wpex-m-auto wpex-max-w-100 vcex-heading-bottom-border-w-color wpex-block wpex-border-b-2 wpex-border-solid wpex-border-gray-200\" style=\"font-size:30px;border-bottom-color:#d6d6d6;\"><span class=\"vcex-heading-inner wpex-inline-block wpex-clr wpex-relative wpex-pb-5 wpex-border-b-2 wpex-border-solid wpex-border-accent\">Actualit\u00e9s<\/span><\/div><div class=\"vcex-spacing wpex-w-100 wpex-clear\" style=\"height:15px\"><\/div><div class=\"vcex-spacing wpex-w-100 wpex-clear\" style=\"height:30px\"><\/div><div class=\"vcex-module vcex-blog-grid-wrap wpex-clr\"><div class=\"wpex-row vcex-blog-grid wpex-clr entries\"><div class=\"vcex-blog-entry vcex-grid-item entry-has-details span_1_of_1 col-1 col post-4140 entry type-post no-media cat-1 translation_priority-12\"><div class=\"vcex-blog-entry-inner entry-inner wpex-first-mt-0 wpex-last-mb-0 wpex-clr\"><div class=\"vcex-blog-entry-details entry-details wpex-bordered wpex-first-mt-0 wpex-last-mb-0 wpex-clr\"><h1 class=\"vcex-blog-entry-title entry-title wpex-mb-5 wpex-child-inherit-color\" style=\"color:#2b3577;font-size:20px;\"><a href=\"http:\/\/swissmootcourt.ch\/?p=4140\" style=\"color:#2b3577;\">Resultate 2025\/26<\/a><\/h1><div class=\"vcex-blog-entry-date entry-date wpex-text-sm wpex-text-gray-600 wpex-mb-5\">21\/02\/2026<\/div><div class=\"vcex-blog-entry-excerpt entry-excerpt wpex-my-15 wpex-last-mb-0 wpex-clr\"><p>Wir gratulieren noch einmal allen Teams herzlich zur Teilnahme. Besondere Gl\u00fcckw\u00fcnsche gehen dabei an: Team 2487 (St.Gallen) f\u00fcr den Sieg in der m\u00fcndlichen Phase Team 5631 (Genf) f\u00fcr den Sieg&hellip;<\/p><\/div><\/div><\/div><\/div><div class=\"vcex-blog-entry vcex-grid-item entry-has-details span_1_of_1 col-1 col post-4113 entry type-post no-media cat-1 translation_priority-12\"><div class=\"vcex-blog-entry-inner entry-inner wpex-first-mt-0 wpex-last-mb-0 wpex-clr\"><div class=\"vcex-blog-entry-details entry-details wpex-bordered wpex-first-mt-0 wpex-last-mb-0 wpex-clr\"><h1 class=\"vcex-blog-entry-title entry-title wpex-mb-5 wpex-child-inherit-color\" style=\"color:#2b3577;font-size:20px;\"><a href=\"http:\/\/swissmootcourt.ch\/?p=4113\" style=\"color:#2b3577;\">Zusammensetzung der Jury &#8211; 2025\/26<\/a><\/h1><div class=\"vcex-blog-entry-date entry-date wpex-text-sm wpex-text-gray-600 wpex-mb-5\">02\/02\/2026<\/div><div class=\"vcex-blog-entry-excerpt entry-excerpt wpex-my-15 wpex-last-mb-0 wpex-clr\"><p>Wir freuen uns, die Zusammensetzung der diesj\u00e4hrigen Jury bekanntgeben zu d\u00fcrfen!<\/p><\/div><\/div><\/div><\/div><div class=\"vcex-blog-entry vcex-grid-item entry-has-details span_1_of_1 col-1 col post-4094 entry type-post no-media cat-1 translation_priority-12\"><div class=\"vcex-blog-entry-inner entry-inner wpex-first-mt-0 wpex-last-mb-0 wpex-clr\"><div class=\"vcex-blog-entry-details entry-details wpex-bordered wpex-first-mt-0 wpex-last-mb-0 wpex-clr\"><h1 class=\"vcex-blog-entry-title entry-title wpex-mb-5 wpex-child-inherit-color\" style=\"color:#2b3577;font-size:20px;\"><a href=\"http:\/\/swissmootcourt.ch\/?p=4094\" style=\"color:#2b3577;\">Qualifikation f\u00fcr die M\u00fcndlichrunde 2025\/26<\/a><\/h1><div class=\"vcex-blog-entry-date entry-date wpex-text-sm wpex-text-gray-600 wpex-mb-5\">05\/01\/2026<\/div><div class=\"vcex-blog-entry-excerpt entry-excerpt wpex-my-15 wpex-last-mb-0 wpex-clr\"><p>S\u00e4mtliche eingegangenen Arbeiten wurden ausgewertet und die Teilnehmenden der M\u00fcndlichrunde stehen fest. Wir gratulieren den folgenden Teams zur Qualifikation und freuen uns auf spannende Pl\u00e4doyers. Allen anderen Teams danken wir&hellip;<\/p><\/div><\/div><\/div><\/div><div class=\"vcex-blog-entry vcex-grid-item entry-has-details span_1_of_1 col-1 col post-4035 entry type-post no-media cat-1 translation_priority-12\"><div class=\"vcex-blog-entry-inner entry-inner wpex-first-mt-0 wpex-last-mb-0 wpex-clr\"><div class=\"vcex-blog-entry-details entry-details wpex-bordered wpex-first-mt-0 wpex-last-mb-0 wpex-clr\"><h1 class=\"vcex-blog-entry-title entry-title wpex-mb-5 wpex-child-inherit-color\" style=\"color:#2b3577;font-size:20px;\"><a href=\"http:\/\/swissmootcourt.ch\/?p=4035\" style=\"color:#2b3577;\">Fragen zum Fall 2025\/26<\/a><\/h1><div class=\"vcex-blog-entry-date entry-date wpex-text-sm wpex-text-gray-600 wpex-mb-5\">12\/10\/2025<\/div><div class=\"vcex-blog-entry-excerpt entry-excerpt wpex-my-15 wpex-last-mb-0 wpex-clr\"><p>Wir haben einige inhaltliche Fragen erhalten. [Hier] finden sich die gesammelten Antworten.<\/p><\/div><\/div><\/div><\/div><div class=\"vcex-blog-entry vcex-grid-item entry-has-details span_1_of_1 col-1 col post-3645 entry type-post no-media cat-1 translation_priority-12\"><div class=\"vcex-blog-entry-inner entry-inner wpex-first-mt-0 wpex-last-mb-0 wpex-clr\"><div class=\"vcex-blog-entry-details entry-details wpex-bordered wpex-first-mt-0 wpex-last-mb-0 wpex-clr\"><h1 class=\"vcex-blog-entry-title entry-title wpex-mb-5 wpex-child-inherit-color\" style=\"color:#2b3577;font-size:20px;\"><a href=\"http:\/\/swissmootcourt.ch\/?p=3645\" style=\"color:#2b3577;\">Resultate 2024\/25<\/a><\/h1><div class=\"vcex-blog-entry-date entry-date wpex-text-sm wpex-text-gray-600 wpex-mb-5\">16\/02\/2025<\/div><div class=\"vcex-blog-entry-excerpt entry-excerpt wpex-my-15 wpex-last-mb-0 wpex-clr\"><p>Wir gratulieren noch einmal allen Teams herzlich zur Teilnahme. Besondere Gl\u00fcckw\u00fcnsche gehen dabei an: Team 6117 (Lausanne) f\u00fcr den Sieg in der m\u00fcndlichen Phase Team 6150 (Genf) f\u00fcr die Finalteilnahme&hellip;<\/p><\/div><\/div><\/div><\/div><div class=\"vcex-blog-entry vcex-grid-item entry-has-details span_1_of_1 col-1 col post-3629 entry type-post no-media cat-1 translation_priority-12\"><div class=\"vcex-blog-entry-inner entry-inner wpex-first-mt-0 wpex-last-mb-0 wpex-clr\"><div class=\"vcex-blog-entry-details entry-details wpex-bordered wpex-first-mt-0 wpex-last-mb-0 wpex-clr\"><h1 class=\"vcex-blog-entry-title entry-title wpex-mb-5 wpex-child-inherit-color\" style=\"color:#2b3577;font-size:20px;\"><a href=\"http:\/\/swissmootcourt.ch\/?p=3629\" style=\"color:#2b3577;\">Teams im Finale 2024\/25<\/a><\/h1><div class=\"vcex-blog-entry-date entry-date wpex-text-sm wpex-text-gray-600 wpex-mb-5\">14\/02\/2025<\/div><div class=\"vcex-blog-entry-excerpt entry-excerpt wpex-my-15 wpex-last-mb-0 wpex-clr\"><p>Im Finale wird das Team 1 von der Universit\u00e4t Genf als Beschwerdegegner gegen das Team 9 von der Universit\u00e4t Lausanne als Beschwerdef\u00fchrer pl\u00e4dieren. \u00a0 \u00a0 \u00a0 \u00a0<\/p><\/div><\/div><\/div><\/div><\/div><div class=\"wpex-pagination wpex-clear wpex-mt-30 wpex-clr\"><ul class='page-numbers'>\n\t<li><span aria-current=\"page\" class=\"page-numbers current\"><span class=\"screen-reader-text\">Seite <\/span>1<\/span><\/li>\n\t<li><a class=\"page-numbers\" href=\"http:\/\/swissmootcourt.ch\/index.php\/wp\/v2\/pages\/332&#038;paged=2?rest_route=\"><span class=\"screen-reader-text\">Seite <\/span>2<\/a><\/li>\n\t<li><a class=\"page-numbers\" href=\"http:\/\/swissmootcourt.ch\/index.php\/wp\/v2\/pages\/332&#038;paged=3?rest_route=\"><span class=\"screen-reader-text\">Seite <\/span>3<\/a><\/li>\n\t<li><a class=\"page-numbers\" href=\"http:\/\/swissmootcourt.ch\/index.php\/wp\/v2\/pages\/332&#038;paged=4?rest_route=\"><span class=\"screen-reader-text\">Seite <\/span>4<\/a><\/li>\n\t<li><span class=\"page-numbers dots\">&hellip;<\/span><\/li>\n\t<li><a class=\"page-numbers\" href=\"http:\/\/swissmootcourt.ch\/index.php\/wp\/v2\/pages\/332&#038;paged=12?rest_route=\"><span class=\"screen-reader-text\">Seite <\/span>12<\/a><\/li>\n\t<li><a class=\"next page-numbers\" href=\"http:\/\/swissmootcourt.ch\/index.php\/wp\/v2\/pages\/332&#038;paged=2?rest_route=\"><span class=\"ticon ticon-angle-right\" aria-hidden=\"true\"><\/span><span class=\"screen-reader-text\">Vorw\u00e4rts<\/span><\/a><\/li>\n<\/ul>\n<\/div><\/div>[\/vc_column][vc_column width=&#8221;1\/3&#8243; css=&#8221;.vc_custom_1566741890255{padding-top: 15px !important;padding-bottom: 15px !important;}&#8221;]<div class=\"owl-wrapper-outer\"><div class=\"vcex-module wpex-carousel wpex-carousel-images wpex-clr owl-carousel\" data-wpex-carousel=\"{&quot;nav&quot;:false,&quot;dots&quot;:true,&quot;autoplay&quot;:true,&quot;loop&quot;:true,&quot;center&quot;:true,&quot;smartSpeed&quot;:250,&quot;items&quot;:1,&quot;slideBy&quot;:1,&quot;autoplayTimeout&quot;:11000,&quot;margin&quot;:15,&quot;itemsTablet&quot;:1,&quot;itemsMobileLandscape&quot;:1,&quot;itemsMobilePortrait&quot;:1,&quot;autoHeight&quot;:true}\" style=\"animation-duration:7s;\"><div class=\"wpex-carousel-slide\"><figure class=\"wpex-carousel-entry-media entry-media\"><img loading=\"lazy\" decoding=\"async\" data-no-lazy=\"1\" class=\"wpex-align-middle skip-lazy\" src=\"http:\/\/swissmootcourt.ch\/wp-content\/uploads\/2024\/09\/Statements_Jungo.jpg\" alt=\"\" width=\"1080\" height=\"1080\" \/><\/figure><\/div><div class=\"wpex-carousel-slide\"><figure class=\"wpex-carousel-entry-media entry-media\"><img loading=\"lazy\" decoding=\"async\" data-no-lazy=\"1\" class=\"wpex-align-middle skip-lazy\" src=\"http:\/\/swissmootcourt.ch\/wp-content\/uploads\/2025\/01\/Statements_Grzesiak.jpg\" alt=\"\" width=\"1080\" height=\"1080\" \/><\/figure><\/div><div class=\"wpex-carousel-slide\"><figure class=\"wpex-carousel-entry-media entry-media\"><img loading=\"lazy\" decoding=\"async\" data-no-lazy=\"1\" class=\"wpex-align-middle skip-lazy\" src=\"http:\/\/swissmootcourt.ch\/wp-content\/uploads\/2023\/11\/Testimonial_Voumard.jpg\" alt=\"\" width=\"1080\" height=\"1080\" \/><\/figure><\/div><div class=\"wpex-carousel-slide\"><figure class=\"wpex-carousel-entry-media entry-media\"><img loading=\"lazy\" decoding=\"async\" data-no-lazy=\"1\" class=\"wpex-align-middle skip-lazy\" src=\"http:\/\/swissmootcourt.ch\/wp-content\/uploads\/2023\/11\/Testimonial_Anne-Sylvie-Dupont_Jury.jpg\" alt=\"\" width=\"1080\" height=\"1080\" \/><\/figure><\/div><div class=\"wpex-carousel-slide\"><figure class=\"wpex-carousel-entry-media entry-media\"><img loading=\"lazy\" decoding=\"async\" data-no-lazy=\"1\" class=\"wpex-align-middle skip-lazy\" src=\"http:\/\/swissmootcourt.ch\/wp-content\/uploads\/2024\/06\/Statements_Fazi.jpg\" alt=\"\" width=\"1080\" height=\"1080\" \/><\/figure><\/div><div class=\"wpex-carousel-slide\"><figure class=\"wpex-carousel-entry-media entry-media\"><img loading=\"lazy\" decoding=\"async\" data-no-lazy=\"1\" class=\"wpex-align-middle skip-lazy\" src=\"http:\/\/swissmootcourt.ch\/wp-content\/uploads\/2023\/11\/Testimonial_Deborah-Porta_Teilnehmerin.jpg\" alt=\"\" width=\"1080\" height=\"1080\" \/><\/figure><\/div><div class=\"wpex-carousel-slide\"><figure class=\"wpex-carousel-entry-media entry-media\"><img loading=\"lazy\" decoding=\"async\" data-no-lazy=\"1\" class=\"wpex-align-middle skip-lazy\" src=\"http:\/\/swissmootcourt.ch\/wp-content\/uploads\/2023\/11\/Testimonial_Lechot.jpg\" alt=\"\" width=\"1080\" height=\"1080\" \/><\/figure><\/div><div class=\"wpex-carousel-slide\"><figure class=\"wpex-carousel-entry-media entry-media\"><img loading=\"lazy\" decoding=\"async\" data-no-lazy=\"1\" class=\"wpex-align-middle skip-lazy\" src=\"http:\/\/swissmootcourt.ch\/wp-content\/uploads\/2023\/11\/Testimonial_Dittli.jpg\" alt=\"\" width=\"1080\" height=\"1080\" \/><\/figure><\/div><div class=\"wpex-carousel-slide\"><figure class=\"wpex-carousel-entry-media entry-media\"><img loading=\"lazy\" decoding=\"async\" data-no-lazy=\"1\" class=\"wpex-align-middle skip-lazy\" src=\"http:\/\/swissmootcourt.ch\/wp-content\/uploads\/2023\/11\/Testimonial_Valentin-Botteron_UniNe.jpg\" alt=\"\" width=\"1080\" height=\"1080\" \/><\/figure><\/div><div class=\"wpex-carousel-slide\"><figure class=\"wpex-carousel-entry-media entry-media\"><img loading=\"lazy\" decoding=\"async\" data-no-lazy=\"1\" class=\"wpex-align-middle skip-lazy\" src=\"http:\/\/swissmootcourt.ch\/wp-content\/uploads\/2023\/11\/Testimonial_Clara-Luyet_Teilnehmerin.jpeg\" alt=\"\" width=\"1080\" height=\"1080\" \/><\/figure><\/div><div class=\"wpex-carousel-slide\"><figure class=\"wpex-carousel-entry-media entry-media\"><img loading=\"lazy\" decoding=\"async\" data-no-lazy=\"1\" class=\"wpex-align-middle skip-lazy\" src=\"http:\/\/swissmootcourt.ch\/wp-content\/uploads\/2023\/11\/Testimonial_Daniel-Boetticher_SMC-ALUMNI.jpg\" alt=\"\" width=\"1080\" height=\"1080\" \/><\/figure><\/div><div class=\"wpex-carousel-slide\"><figure class=\"wpex-carousel-entry-media entry-media\"><img loading=\"lazy\" decoding=\"async\" data-no-lazy=\"1\" class=\"wpex-align-middle skip-lazy\" src=\"http:\/\/swissmootcourt.ch\/wp-content\/uploads\/2023\/11\/Testimonial_Egli.jpg\" alt=\"\" width=\"1080\" height=\"1080\" \/><\/figure><\/div><div class=\"wpex-carousel-slide\"><figure class=\"wpex-carousel-entry-media entry-media\"><img loading=\"lazy\" decoding=\"async\" data-no-lazy=\"1\" class=\"wpex-align-middle skip-lazy\" src=\"http:\/\/swissmootcourt.ch\/wp-content\/uploads\/2023\/11\/Testimonial_Heller.jpg\" alt=\"\" width=\"1080\" height=\"1080\" \/><\/figure><\/div><div class=\"wpex-carousel-slide\"><figure class=\"wpex-carousel-entry-media entry-media\"><img loading=\"lazy\" decoding=\"async\" data-no-lazy=\"1\" class=\"wpex-align-middle skip-lazy\" src=\"http:\/\/swissmootcourt.ch\/wp-content\/uploads\/2023\/11\/Testimonial_Eliane-Fischer_Grunderin.jpeg\" alt=\"\" width=\"1080\" height=\"1080\" \/><\/figure><\/div><div class=\"wpex-carousel-slide\"><figure class=\"wpex-carousel-entry-media entry-media\"><img loading=\"lazy\" decoding=\"async\" data-no-lazy=\"1\" class=\"wpex-align-middle skip-lazy\" src=\"http:\/\/swissmootcourt.ch\/wp-content\/uploads\/2023\/11\/Testimonial_Fabio-Anceschi_Teilnehmer.jpg\" alt=\"\" width=\"1080\" height=\"1080\" \/><\/figure><\/div><div class=\"wpex-carousel-slide\"><figure class=\"wpex-carousel-entry-media entry-media\"><img loading=\"lazy\" decoding=\"async\" data-no-lazy=\"1\" class=\"wpex-align-middle skip-lazy\" src=\"http:\/\/swissmootcourt.ch\/wp-content\/uploads\/2023\/11\/Testimonial_Aurelien-Meystre_anc.-participant.jpg\" alt=\"\" width=\"1080\" height=\"1080\" \/><\/figure><\/div><div class=\"wpex-carousel-slide\"><figure class=\"wpex-carousel-entry-media entry-media\"><img loading=\"lazy\" decoding=\"async\" data-no-lazy=\"1\" class=\"wpex-align-middle skip-lazy\" src=\"http:\/\/swissmootcourt.ch\/wp-content\/uploads\/2024\/06\/Statements_Bosiger.jpg\" alt=\"\" width=\"1080\" height=\"1080\" \/><\/figure><\/div><div class=\"wpex-carousel-slide\"><figure class=\"wpex-carousel-entry-media entry-media\"><img loading=\"lazy\" decoding=\"async\" data-no-lazy=\"1\" class=\"wpex-align-middle skip-lazy\" src=\"http:\/\/swissmootcourt.ch\/wp-content\/uploads\/2024\/06\/Statements_Trillini.jpg\" alt=\"\" width=\"1080\" height=\"1080\" \/><\/figure><\/div><div class=\"wpex-carousel-slide\"><figure class=\"wpex-carousel-entry-media entry-media\"><img loading=\"lazy\" decoding=\"async\" data-no-lazy=\"1\" class=\"wpex-align-middle skip-lazy\" src=\"http:\/\/swissmootcourt.ch\/wp-content\/uploads\/2025\/01\/Statements_Putallaz.jpg\" alt=\"\" width=\"1080\" height=\"1080\" \/><\/figure><\/div><div class=\"wpex-carousel-slide\"><figure class=\"wpex-carousel-entry-media entry-media\"><img loading=\"lazy\" decoding=\"async\" data-no-lazy=\"1\" class=\"wpex-align-middle skip-lazy\" src=\"http:\/\/swissmootcourt.ch\/wp-content\/uploads\/2025\/01\/Statements_Oelke.jpg\" alt=\"\" width=\"1080\" height=\"1080\" \/><\/figure><\/div><div class=\"wpex-carousel-slide\"><figure class=\"wpex-carousel-entry-media entry-media\"><img loading=\"lazy\" decoding=\"async\" data-no-lazy=\"1\" class=\"wpex-align-middle skip-lazy\" src=\"http:\/\/swissmootcourt.ch\/wp-content\/uploads\/2025\/01\/Statements_Belet.jpg\" alt=\"\" width=\"1080\" height=\"1080\" \/><\/figure><\/div><div class=\"wpex-carousel-slide\"><figure class=\"wpex-carousel-entry-media entry-media\"><img loading=\"lazy\" decoding=\"async\" data-no-lazy=\"1\" class=\"wpex-align-middle skip-lazy\" src=\"http:\/\/swissmootcourt.ch\/wp-content\/uploads\/2025\/01\/Statements_Vonesch.jpg\" alt=\"\" width=\"1080\" height=\"1080\" \/><\/figure><\/div><div class=\"wpex-carousel-slide\"><figure class=\"wpex-carousel-entry-media entry-media\"><img loading=\"lazy\" decoding=\"async\" data-no-lazy=\"1\" class=\"wpex-align-middle skip-lazy\" src=\"http:\/\/swissmootcourt.ch\/wp-content\/uploads\/2025\/01\/Statements_Simone.jpg\" alt=\"\" width=\"1080\" height=\"1080\" \/><\/figure><\/div><\/div><\/div><div class=\"vcex-spacing wpex-w-100 wpex-clear\" style=\"height:30px\"><\/div><div class=\"vcex-module vcex-teaser vc_custom_1726594095886\"><figure class=\"vcex-teaser-media wpex-mb-20\"><img decoding=\"async\" width=\"2560\" height=\"1707\" src=\"http:\/\/swissmootcourt.ch\/wp-content\/uploads\/2024\/06\/SMC-20243245-scaled.jpg\" class=\"wpex-align-middle\" alt=\"Qu&#039;est-ce que le Swiss Moot Court ?\" loading=\"lazy\" srcset=\"http:\/\/swissmootcourt.ch\/wp-content\/uploads\/2024\/06\/SMC-20243245-scaled.jpg 2560w, http:\/\/swissmootcourt.ch\/wp-content\/uploads\/2024\/06\/SMC-20243245-300x200.jpg 300w, http:\/\/swissmootcourt.ch\/wp-content\/uploads\/2024\/06\/SMC-20243245-1024x683.jpg 1024w, http:\/\/swissmootcourt.ch\/wp-content\/uploads\/2024\/06\/SMC-20243245-768x512.jpg 768w, http:\/\/swissmootcourt.ch\/wp-content\/uploads\/2024\/06\/SMC-20243245-1536x1024.jpg 1536w, http:\/\/swissmootcourt.ch\/wp-content\/uploads\/2024\/06\/SMC-20243245-2048x1365.jpg 2048w\" sizes=\"auto, (max-width: 2560px) 100vw, 2560px\" \/><\/figure><div class=\"vcex-teaser-content clr\"><h2 class=\"vcex-teaser-heading wpex-heading wpex-text-lg\" style=\"font-size:20px;\">Qu'est-ce que le Swiss Moot Court ?<\/h2><div class=\"vcex-teaser-text wpex-mt-10 wpex-last-mb-0 wpex-clr\"><p align=\"justify\">Le Swiss Moot Court est un concours de plaidoiries ouvert \u00e0 tous les \u00e9tudiants en droit (n&#8217;ayant pas encore obtenu la licence ou la ma\u00eetrise) inscrits dans une universit\u00e9. Il leur donne la possibilit\u00e9 de mettre en pratique les connaissances qu&#8217;ils ont acquises.<\/p>\n<p align=\"justify\">Des \u00e9quipes form\u00e9es de 2 \u00e0 4 personnes doivent, lors d&#8217;un premier tour, r\u00e9diger un m\u00e9moire de demande ainsi qu&#8217;un m\u00e9moire de r\u00e9ponse portant sur le cas propos\u00e9.<\/p>\n<p align=\"justify\">Lors d&#8217;un deuxi\u00e8me tour, les douze meilleures \u00e9quipes sont invit\u00e9es \u00e0 pr\u00e9senter des plaidoiries au Tribunal f\u00e9d\u00e9ral \u00e0 Lucerne, devant un jury form\u00e9 de juges, d&#8217;avocats et de professeurs de droit. L&#8217;\u00e9valuation se fait sur la base de la pertinence des arguments, ainsi que sur la rh\u00e9torique et la force de persuasion. Les deux meilleures \u00e9quipes s&#8217;affrontent en finale.<\/p>\n<p align=\"justify\">Les universit\u00e9s attribuent des cr\u00e9dits ECTS pour la particiption au Swiss Moot Court.<\/p>\n<\/div><\/div><\/div>[\/vc_column][\/vc_row]\n","protected":false},"excerpt":{"rendered":"<p>[vc_row][vc_column][\/vc_column][\/vc_row][vc_row][vc_column width=&#8221;2\/3&#8243;][\/vc_column][vc_column width=&#8221;1\/3&#8243; css=&#8221;.vc_custom_1566741890255{padding-top: 15px !important;padding-bottom: 15px !important;}&#8221;][\/vc_column][\/vc_row]<\/p>\n","protected":false},"author":1,"featured_media":0,"parent":0,"menu_order":0,"comment_status":"closed","ping_status":"closed","template":"","meta":{"footnotes":""},"class_list":["post-332","page","type-page","status-publish","hentry","entry","no-media"],"_links":{"self":[{"href":"http:\/\/swissmootcourt.ch\/index.php?rest_route=\/wp\/v2\/pages\/332","targetHints":{"allow":["GET"]}}],"collection":[{"href":"http:\/\/swissmootcourt.ch\/index.php?rest_route=\/wp\/v2\/pages"}],"about":[{"href":"http:\/\/swissmootcourt.ch\/index.php?rest_route=\/wp\/v2\/types\/page"}],"author":[{"embeddable":true,"href":"http:\/\/swissmootcourt.ch\/index.php?rest_route=\/wp\/v2\/users\/1"}],"replies":[{"embeddable":true,"href":"http:\/\/swissmootcourt.ch\/index.php?rest_route=%2Fwp%2Fv2%2Fcomments&post=332"}],"version-history":[{"count":28,"href":"http:\/\/swissmootcourt.ch\/index.php?rest_route=\/wp\/v2\/pages\/332\/revisions"}],"predecessor-version":[{"id":3610,"href":"http:\/\/swissmootcourt.ch\/index.php?rest_route=\/wp\/v2\/pages\/332\/revisions\/3610"}],"wp:attachment":[{"href":"http:\/\/swissmootcourt.ch\/index.php?rest_route=%2Fwp%2Fv2%2Fmedia&parent=332"}],"curies":[{"name":"wp","href":"https:\/\/api.w.org\/{rel}","templated":true}]}}