{"id":29,"date":"2019-08-23T07:40:36","date_gmt":"2019-08-23T07:40:36","guid":{"rendered":"https:\/\/beta.swissmootcourt.ch\/?page_id=29"},"modified":"2025-02-16T19:36:22","modified_gmt":"2025-02-16T18:36:22","slug":"startseite","status":"publish","type":"page","link":"http:\/\/swissmootcourt.ch\/","title":{"rendered":"Startseite"},"content":{"rendered":"[vc_row][vc_column]<figure class=\"vcex-image vcex-module wpex-clr\"><div class=\"vcex-image-inner wpex-relative wpex-inline-block vc_custom_1566741498735\"><img decoding=\"async\" loading=\"lazy\" class=\"wpex-align-middle\" src=\"http:\/\/swissmootcourt.ch\/wp-content\/uploads\/2019\/08\/header_smc.jpg\" alt=\"\" width=\"1200\" height=\"425\" \/><\/div><\/figure>[\/vc_column][\/vc_row][vc_row][vc_column width=&#8221;2\/3&#8243;]<div class=\"vcex-heading vcex-module wpex-text-2xl wpex-font-normal wpex-m-auto wpex-max-w-100 vcex-heading-bottom-border-w-color wpex-block wpex-border-b-2 wpex-border-solid wpex-border-gray-200\" style=\"font-size:30px;border-bottom-color:#d6d6d6;\"><span class=\"vcex-heading-inner wpex-inline-block wpex-clr wpex-relative wpex-pb-5 wpex-border-b-2 wpex-border-solid wpex-border-accent\">Neuigkeiten<\/span><\/div><div class=\"vcex-spacing wpex-w-100 wpex-clear\" style=\"height:15px\"><\/div><div class=\"vcex-spacing wpex-w-100 wpex-clear\" style=\"height:30px\"><\/div><div class=\"vcex-module vcex-blog-grid-wrap wpex-clr\"><div class=\"wpex-row vcex-blog-grid wpex-clr entries\"><div class=\"vcex-blog-entry vcex-grid-item entry-has-details span_1_of_1 col-1 col post-4140 entry type-post no-media cat-1 translation_priority-12\"><div class=\"vcex-blog-entry-inner entry-inner wpex-first-mt-0 wpex-last-mb-0 wpex-clr\"><div class=\"vcex-blog-entry-details entry-details wpex-bordered wpex-first-mt-0 wpex-last-mb-0 wpex-clr\"><h1 class=\"vcex-blog-entry-title entry-title wpex-mb-5 wpex-child-inherit-color\" style=\"color:#2b3577;font-size:20px;\"><a href=\"http:\/\/swissmootcourt.ch\/?p=4140\" style=\"color:#2b3577;\">Resultate 2025\/26<\/a><\/h1><div class=\"vcex-blog-entry-date entry-date wpex-text-sm wpex-text-gray-600 wpex-mb-5\">21\/02\/2026<\/div><div class=\"vcex-blog-entry-excerpt entry-excerpt wpex-my-15 wpex-last-mb-0 wpex-clr\"><p>Wir gratulieren noch einmal allen Teams herzlich zur Teilnahme. Besondere Gl\u00fcckw\u00fcnsche gehen dabei an: Team 2487 (St.Gallen) f\u00fcr den Sieg in der m\u00fcndlichen Phase Team 5631 (Genf) f\u00fcr den Sieg&hellip;<\/p><\/div><\/div><\/div><\/div><div class=\"vcex-blog-entry vcex-grid-item entry-has-details span_1_of_1 col-1 col post-4113 entry type-post no-media cat-1 translation_priority-12\"><div class=\"vcex-blog-entry-inner entry-inner wpex-first-mt-0 wpex-last-mb-0 wpex-clr\"><div class=\"vcex-blog-entry-details entry-details wpex-bordered wpex-first-mt-0 wpex-last-mb-0 wpex-clr\"><h1 class=\"vcex-blog-entry-title entry-title wpex-mb-5 wpex-child-inherit-color\" style=\"color:#2b3577;font-size:20px;\"><a href=\"http:\/\/swissmootcourt.ch\/?p=4113\" style=\"color:#2b3577;\">Zusammensetzung der Jury &#8211; 2025\/26<\/a><\/h1><div class=\"vcex-blog-entry-date entry-date wpex-text-sm wpex-text-gray-600 wpex-mb-5\">02\/02\/2026<\/div><div class=\"vcex-blog-entry-excerpt entry-excerpt wpex-my-15 wpex-last-mb-0 wpex-clr\"><p>Wir freuen uns, die Zusammensetzung der diesj\u00e4hrigen Jury bekanntgeben zu d\u00fcrfen!<\/p><\/div><\/div><\/div><\/div><div class=\"vcex-blog-entry vcex-grid-item entry-has-details span_1_of_1 col-1 col post-4094 entry type-post no-media cat-1 translation_priority-12\"><div class=\"vcex-blog-entry-inner entry-inner wpex-first-mt-0 wpex-last-mb-0 wpex-clr\"><div class=\"vcex-blog-entry-details entry-details wpex-bordered wpex-first-mt-0 wpex-last-mb-0 wpex-clr\"><h1 class=\"vcex-blog-entry-title entry-title wpex-mb-5 wpex-child-inherit-color\" style=\"color:#2b3577;font-size:20px;\"><a href=\"http:\/\/swissmootcourt.ch\/?p=4094\" style=\"color:#2b3577;\">Qualifikation f\u00fcr die M\u00fcndlichrunde 2025\/26<\/a><\/h1><div class=\"vcex-blog-entry-date entry-date wpex-text-sm wpex-text-gray-600 wpex-mb-5\">05\/01\/2026<\/div><div class=\"vcex-blog-entry-excerpt entry-excerpt wpex-my-15 wpex-last-mb-0 wpex-clr\"><p>S\u00e4mtliche eingegangenen Arbeiten wurden ausgewertet und die Teilnehmenden der M\u00fcndlichrunde stehen fest. Wir gratulieren den folgenden Teams zur Qualifikation und freuen uns auf spannende Pl\u00e4doyers. Allen anderen Teams danken wir&hellip;<\/p><\/div><\/div><\/div><\/div><div class=\"vcex-blog-entry vcex-grid-item entry-has-details span_1_of_1 col-1 col post-4035 entry type-post no-media cat-1 translation_priority-12\"><div class=\"vcex-blog-entry-inner entry-inner wpex-first-mt-0 wpex-last-mb-0 wpex-clr\"><div class=\"vcex-blog-entry-details entry-details wpex-bordered wpex-first-mt-0 wpex-last-mb-0 wpex-clr\"><h1 class=\"vcex-blog-entry-title entry-title wpex-mb-5 wpex-child-inherit-color\" style=\"color:#2b3577;font-size:20px;\"><a href=\"http:\/\/swissmootcourt.ch\/?p=4035\" style=\"color:#2b3577;\">Fragen zum Fall 2025\/26<\/a><\/h1><div class=\"vcex-blog-entry-date entry-date wpex-text-sm wpex-text-gray-600 wpex-mb-5\">12\/10\/2025<\/div><div class=\"vcex-blog-entry-excerpt entry-excerpt wpex-my-15 wpex-last-mb-0 wpex-clr\"><p>Wir haben einige inhaltliche Fragen erhalten. [Hier] finden sich die gesammelten Antworten.<\/p><\/div><\/div><\/div><\/div><div class=\"vcex-blog-entry vcex-grid-item entry-has-details span_1_of_1 col-1 col post-3645 entry type-post no-media cat-1 translation_priority-12\"><div class=\"vcex-blog-entry-inner entry-inner wpex-first-mt-0 wpex-last-mb-0 wpex-clr\"><div class=\"vcex-blog-entry-details entry-details wpex-bordered wpex-first-mt-0 wpex-last-mb-0 wpex-clr\"><h1 class=\"vcex-blog-entry-title entry-title wpex-mb-5 wpex-child-inherit-color\" style=\"color:#2b3577;font-size:20px;\"><a href=\"http:\/\/swissmootcourt.ch\/?p=3645\" style=\"color:#2b3577;\">Resultate 2024\/25<\/a><\/h1><div class=\"vcex-blog-entry-date entry-date wpex-text-sm wpex-text-gray-600 wpex-mb-5\">16\/02\/2025<\/div><div class=\"vcex-blog-entry-excerpt entry-excerpt wpex-my-15 wpex-last-mb-0 wpex-clr\"><p>Wir gratulieren noch einmal allen Teams herzlich zur Teilnahme. Besondere Gl\u00fcckw\u00fcnsche gehen dabei an: Team 6117 (Lausanne) f\u00fcr den Sieg in der m\u00fcndlichen Phase Team 6150 (Genf) f\u00fcr die Finalteilnahme&hellip;<\/p><\/div><\/div><\/div><\/div><div class=\"vcex-blog-entry vcex-grid-item entry-has-details span_1_of_1 col-1 col post-3629 entry type-post no-media cat-1 translation_priority-12\"><div class=\"vcex-blog-entry-inner entry-inner wpex-first-mt-0 wpex-last-mb-0 wpex-clr\"><div class=\"vcex-blog-entry-details entry-details wpex-bordered wpex-first-mt-0 wpex-last-mb-0 wpex-clr\"><h1 class=\"vcex-blog-entry-title entry-title wpex-mb-5 wpex-child-inherit-color\" style=\"color:#2b3577;font-size:20px;\"><a href=\"http:\/\/swissmootcourt.ch\/?p=3629\" style=\"color:#2b3577;\">Teams im Finale 2024\/25<\/a><\/h1><div class=\"vcex-blog-entry-date entry-date wpex-text-sm wpex-text-gray-600 wpex-mb-5\">14\/02\/2025<\/div><div class=\"vcex-blog-entry-excerpt entry-excerpt wpex-my-15 wpex-last-mb-0 wpex-clr\"><p>Im Finale wird das Team 1 von der Universit\u00e4t Genf als Beschwerdegegner gegen das Team 9 von der Universit\u00e4t Lausanne als Beschwerdef\u00fchrer pl\u00e4dieren. \u00a0 \u00a0 \u00a0 \u00a0<\/p><\/div><\/div><\/div><\/div><\/div><div class=\"wpex-pagination wpex-clear wpex-mt-30 wpex-clr\"><ul class='page-numbers'>\n\t<li><span aria-current=\"page\" class=\"page-numbers current\"><span class=\"screen-reader-text\">Seite <\/span>1<\/span><\/li>\n\t<li><a class=\"page-numbers\" href=\"http:\/\/swissmootcourt.ch\/index.php\/wp\/v2\/pages\/29&#038;paged=2?rest_route=\"><span class=\"screen-reader-text\">Seite <\/span>2<\/a><\/li>\n\t<li><a class=\"page-numbers\" href=\"http:\/\/swissmootcourt.ch\/index.php\/wp\/v2\/pages\/29&#038;paged=3?rest_route=\"><span class=\"screen-reader-text\">Seite <\/span>3<\/a><\/li>\n\t<li><a class=\"page-numbers\" href=\"http:\/\/swissmootcourt.ch\/index.php\/wp\/v2\/pages\/29&#038;paged=4?rest_route=\"><span class=\"screen-reader-text\">Seite <\/span>4<\/a><\/li>\n\t<li><span class=\"page-numbers dots\">&hellip;<\/span><\/li>\n\t<li><a class=\"page-numbers\" href=\"http:\/\/swissmootcourt.ch\/index.php\/wp\/v2\/pages\/29&#038;paged=12?rest_route=\"><span class=\"screen-reader-text\">Seite <\/span>12<\/a><\/li>\n\t<li><a class=\"next page-numbers\" href=\"http:\/\/swissmootcourt.ch\/index.php\/wp\/v2\/pages\/29&#038;paged=2?rest_route=\"><span class=\"ticon ticon-angle-right\" aria-hidden=\"true\"><\/span><span class=\"screen-reader-text\">Vorw\u00e4rts<\/span><\/a><\/li>\n<\/ul>\n<\/div><\/div>[\/vc_column][vc_column width=&#8221;1\/3&#8243; css=&#8221;.vc_custom_1566741890255{padding-top: 15px !important;padding-bottom: 15px !important;}&#8221;]<div class=\"vcex-spacing wpex-w-100 wpex-clear\" style=\"height:35px\"><\/div><div class=\"owl-wrapper-outer\"><div class=\"vcex-module wpex-carousel wpex-carousel-images wpex-clr owl-carousel\" data-wpex-carousel=\"{&quot;nav&quot;:false,&quot;dots&quot;:true,&quot;autoplay&quot;:true,&quot;loop&quot;:true,&quot;center&quot;:true,&quot;smartSpeed&quot;:500,&quot;items&quot;:1,&quot;slideBy&quot;:1,&quot;autoplayTimeout&quot;:11000,&quot;margin&quot;:15,&quot;itemsTablet&quot;:1,&quot;itemsMobileLandscape&quot;:1,&quot;itemsMobilePortrait&quot;:1,&quot;autoHeight&quot;:true}\" style=\"animation-duration:7s;\"><div class=\"wpex-carousel-slide\"><figure class=\"wpex-carousel-entry-media entry-media\"><img loading=\"lazy\" decoding=\"async\" data-no-lazy=\"1\" class=\"wpex-align-middle skip-lazy\" src=\"http:\/\/swissmootcourt.ch\/wp-content\/uploads\/2024\/09\/Statements_Jungo.jpg\" alt=\"\" width=\"1080\" height=\"1080\" \/><\/figure><\/div><div class=\"wpex-carousel-slide\"><figure class=\"wpex-carousel-entry-media entry-media\"><img loading=\"lazy\" decoding=\"async\" data-no-lazy=\"1\" class=\"wpex-align-middle skip-lazy\" src=\"http:\/\/swissmootcourt.ch\/wp-content\/uploads\/2025\/01\/Statements_Grzesiak.jpg\" alt=\"\" width=\"1080\" height=\"1080\" \/><\/figure><\/div><div class=\"wpex-carousel-slide\"><figure class=\"wpex-carousel-entry-media entry-media\"><img loading=\"lazy\" decoding=\"async\" data-no-lazy=\"1\" class=\"wpex-align-middle skip-lazy\" src=\"http:\/\/swissmootcourt.ch\/wp-content\/uploads\/2023\/11\/Testimonial_Anne-Sylvie-Dupont_Jury.jpg\" alt=\"\" width=\"1080\" height=\"1080\" \/><\/figure><\/div><div class=\"wpex-carousel-slide\"><figure class=\"wpex-carousel-entry-media entry-media\"><img loading=\"lazy\" decoding=\"async\" data-no-lazy=\"1\" class=\"wpex-align-middle skip-lazy\" src=\"http:\/\/swissmootcourt.ch\/wp-content\/uploads\/2023\/11\/Testimonial_Heller.jpg\" alt=\"\" width=\"1080\" height=\"1080\" \/><\/figure><\/div><div class=\"wpex-carousel-slide\"><figure class=\"wpex-carousel-entry-media entry-media\"><img loading=\"lazy\" decoding=\"async\" data-no-lazy=\"1\" class=\"wpex-align-middle skip-lazy\" src=\"http:\/\/swissmootcourt.ch\/wp-content\/uploads\/2023\/11\/Testimonial_Dittli.jpg\" alt=\"\" width=\"1080\" height=\"1080\" \/><\/figure><\/div><div class=\"wpex-carousel-slide\"><figure class=\"wpex-carousel-entry-media entry-media\"><img loading=\"lazy\" decoding=\"async\" data-no-lazy=\"1\" class=\"wpex-align-middle skip-lazy\" src=\"http:\/\/swissmootcourt.ch\/wp-content\/uploads\/2023\/11\/Testimonial_Lechot.jpg\" alt=\"\" width=\"1080\" height=\"1080\" \/><\/figure><\/div><div class=\"wpex-carousel-slide\"><figure class=\"wpex-carousel-entry-media entry-media\"><img loading=\"lazy\" decoding=\"async\" data-no-lazy=\"1\" class=\"wpex-align-middle skip-lazy\" src=\"http:\/\/swissmootcourt.ch\/wp-content\/uploads\/2023\/11\/Testimonial_Deborah-Porta_Teilnehmerin.jpg\" alt=\"\" width=\"1080\" height=\"1080\" \/><\/figure><\/div><div class=\"wpex-carousel-slide\"><figure class=\"wpex-carousel-entry-media entry-media\"><img loading=\"lazy\" decoding=\"async\" data-no-lazy=\"1\" class=\"wpex-align-middle skip-lazy\" src=\"http:\/\/swissmootcourt.ch\/wp-content\/uploads\/2023\/11\/Testimonial_Valentin-Botteron_UniNe.jpg\" alt=\"\" width=\"1080\" height=\"1080\" \/><\/figure><\/div><div class=\"wpex-carousel-slide\"><figure class=\"wpex-carousel-entry-media entry-media\"><img loading=\"lazy\" decoding=\"async\" data-no-lazy=\"1\" class=\"wpex-align-middle skip-lazy\" src=\"http:\/\/swissmootcourt.ch\/wp-content\/uploads\/2023\/11\/Testimonial_Clara-Luyet_Teilnehmerin.jpeg\" alt=\"\" width=\"1080\" height=\"1080\" \/><\/figure><\/div><div class=\"wpex-carousel-slide\"><figure class=\"wpex-carousel-entry-media entry-media\"><img loading=\"lazy\" decoding=\"async\" data-no-lazy=\"1\" class=\"wpex-align-middle skip-lazy\" src=\"http:\/\/swissmootcourt.ch\/wp-content\/uploads\/2023\/11\/Testimonial_Daniel-Boetticher_SMC-ALUMNI.jpg\" alt=\"\" width=\"1080\" height=\"1080\" \/><\/figure><\/div><div class=\"wpex-carousel-slide\"><figure class=\"wpex-carousel-entry-media entry-media\"><img loading=\"lazy\" decoding=\"async\" data-no-lazy=\"1\" class=\"wpex-align-middle skip-lazy\" src=\"http:\/\/swissmootcourt.ch\/wp-content\/uploads\/2023\/11\/Testimonial_Egli.jpg\" alt=\"\" width=\"1080\" height=\"1080\" \/><\/figure><\/div><div class=\"wpex-carousel-slide\"><figure class=\"wpex-carousel-entry-media entry-media\"><img loading=\"lazy\" decoding=\"async\" data-no-lazy=\"1\" class=\"wpex-align-middle skip-lazy\" src=\"http:\/\/swissmootcourt.ch\/wp-content\/uploads\/2023\/11\/Testimonial_Voumard.jpg\" alt=\"\" width=\"1080\" height=\"1080\" \/><\/figure><\/div><div class=\"wpex-carousel-slide\"><figure class=\"wpex-carousel-entry-media entry-media\"><img loading=\"lazy\" decoding=\"async\" data-no-lazy=\"1\" class=\"wpex-align-middle skip-lazy\" src=\"http:\/\/swissmootcourt.ch\/wp-content\/uploads\/2023\/11\/Testimonial_Eliane-Fischer_Grunderin.jpeg\" alt=\"\" width=\"1080\" height=\"1080\" \/><\/figure><\/div><div class=\"wpex-carousel-slide\"><figure class=\"wpex-carousel-entry-media entry-media\"><img loading=\"lazy\" decoding=\"async\" data-no-lazy=\"1\" class=\"wpex-align-middle skip-lazy\" src=\"http:\/\/swissmootcourt.ch\/wp-content\/uploads\/2023\/11\/Testimonial_Fabio-Anceschi_Teilnehmer.jpg\" alt=\"\" width=\"1080\" height=\"1080\" \/><\/figure><\/div><div class=\"wpex-carousel-slide\"><figure class=\"wpex-carousel-entry-media entry-media\"><img loading=\"lazy\" decoding=\"async\" data-no-lazy=\"1\" class=\"wpex-align-middle skip-lazy\" src=\"http:\/\/swissmootcourt.ch\/wp-content\/uploads\/2023\/11\/Testimonial_Aurelien-Meystre_anc.-participant.jpg\" alt=\"\" width=\"1080\" height=\"1080\" \/><\/figure><\/div><div class=\"wpex-carousel-slide\"><figure class=\"wpex-carousel-entry-media entry-media\"><img loading=\"lazy\" decoding=\"async\" data-no-lazy=\"1\" class=\"wpex-align-middle skip-lazy\" src=\"http:\/\/swissmootcourt.ch\/wp-content\/uploads\/2024\/06\/Statements_Bosiger.jpg\" alt=\"\" width=\"1080\" height=\"1080\" \/><\/figure><\/div><div class=\"wpex-carousel-slide\"><figure class=\"wpex-carousel-entry-media entry-media\"><img loading=\"lazy\" decoding=\"async\" data-no-lazy=\"1\" class=\"wpex-align-middle skip-lazy\" src=\"http:\/\/swissmootcourt.ch\/wp-content\/uploads\/2024\/06\/Statements_Trillini.jpg\" alt=\"\" width=\"1080\" height=\"1080\" \/><\/figure><\/div><div class=\"wpex-carousel-slide\"><figure class=\"wpex-carousel-entry-media entry-media\"><img loading=\"lazy\" decoding=\"async\" data-no-lazy=\"1\" class=\"wpex-align-middle skip-lazy\" src=\"http:\/\/swissmootcourt.ch\/wp-content\/uploads\/2024\/06\/Statements_Fazi.jpg\" alt=\"\" width=\"1080\" height=\"1080\" \/><\/figure><\/div><div class=\"wpex-carousel-slide\"><figure class=\"wpex-carousel-entry-media entry-media\"><img loading=\"lazy\" decoding=\"async\" data-no-lazy=\"1\" class=\"wpex-align-middle skip-lazy\" src=\"http:\/\/swissmootcourt.ch\/wp-content\/uploads\/2025\/01\/Statements_Putallaz.jpg\" alt=\"\" width=\"1080\" height=\"1080\" \/><\/figure><\/div><div class=\"wpex-carousel-slide\"><figure class=\"wpex-carousel-entry-media entry-media\"><img loading=\"lazy\" decoding=\"async\" data-no-lazy=\"1\" class=\"wpex-align-middle skip-lazy\" src=\"http:\/\/swissmootcourt.ch\/wp-content\/uploads\/2025\/01\/Statements_Oelke.jpg\" alt=\"\" width=\"1080\" height=\"1080\" \/><\/figure><\/div><div class=\"wpex-carousel-slide\"><figure class=\"wpex-carousel-entry-media entry-media\"><img loading=\"lazy\" decoding=\"async\" data-no-lazy=\"1\" class=\"wpex-align-middle skip-lazy\" src=\"http:\/\/swissmootcourt.ch\/wp-content\/uploads\/2025\/01\/Statements_Belet.jpg\" alt=\"\" width=\"1080\" height=\"1080\" \/><\/figure><\/div><div class=\"wpex-carousel-slide\"><figure class=\"wpex-carousel-entry-media entry-media\"><img loading=\"lazy\" decoding=\"async\" data-no-lazy=\"1\" class=\"wpex-align-middle skip-lazy\" src=\"http:\/\/swissmootcourt.ch\/wp-content\/uploads\/2025\/01\/Statements_Vonesch.jpg\" alt=\"\" width=\"1080\" height=\"1080\" \/><\/figure><\/div><div class=\"wpex-carousel-slide\"><figure class=\"wpex-carousel-entry-media entry-media\"><img loading=\"lazy\" decoding=\"async\" data-no-lazy=\"1\" class=\"wpex-align-middle skip-lazy\" src=\"http:\/\/swissmootcourt.ch\/wp-content\/uploads\/2025\/01\/Statements_Simone.jpg\" alt=\"\" width=\"1080\" height=\"1080\" \/><\/figure><\/div><\/div><\/div><div class=\"vcex-spacing wpex-w-100 wpex-clear\" style=\"height:30px\"><\/div><div class=\"vcex-module vcex-teaser vc_custom_1726594037650\"><figure class=\"vcex-teaser-media wpex-mb-20\"><img decoding=\"async\" width=\"2560\" height=\"1707\" src=\"http:\/\/swissmootcourt.ch\/wp-content\/uploads\/2024\/06\/SMC-20243245-scaled.jpg\" class=\"wpex-align-middle\" alt=\"Was ist der Swiss Moot Court?\" loading=\"lazy\" srcset=\"http:\/\/swissmootcourt.ch\/wp-content\/uploads\/2024\/06\/SMC-20243245-scaled.jpg 2560w, http:\/\/swissmootcourt.ch\/wp-content\/uploads\/2024\/06\/SMC-20243245-300x200.jpg 300w, http:\/\/swissmootcourt.ch\/wp-content\/uploads\/2024\/06\/SMC-20243245-1024x683.jpg 1024w, http:\/\/swissmootcourt.ch\/wp-content\/uploads\/2024\/06\/SMC-20243245-768x512.jpg 768w, http:\/\/swissmootcourt.ch\/wp-content\/uploads\/2024\/06\/SMC-20243245-1536x1024.jpg 1536w, http:\/\/swissmootcourt.ch\/wp-content\/uploads\/2024\/06\/SMC-20243245-2048x1365.jpg 2048w\" sizes=\"auto, (max-width: 2560px) 100vw, 2560px\" \/><\/figure><div class=\"vcex-teaser-content clr\"><h2 class=\"vcex-teaser-heading wpex-heading wpex-text-lg\" style=\"font-size:20px;\">Was ist der Swiss Moot Court?<\/h2><div class=\"vcex-teaser-text wpex-mt-10 wpex-last-mb-0 wpex-clr\"><p style=\"text-align: justify\">Der Swiss Moot Court ist ein Pl\u00e4doyer-Wettbewerb, der allen Studierenden offen steht, welche an einer Schweizer Rechtsfakult\u00e4t immatrikuliert sind (und den Master noch nicht abgeschlossen haben). Er bietet ihnen die M\u00f6glichkeit, das bis anhin angeeignete Wissen in die Praxis umzusetzen.<\/p>\n<p style=\"text-align: justify\">In einer ersten Runde verfassen die Teams, bestehend aus zwei bis vier Personen, eine Rechtsmittelbeschwerde sowie eine Beschwerdeantwort zu einem vorgegebenen Fall.<\/p>\n<p style=\"text-align: justify\">Die zw\u00f6lf besten Teams qualifizieren sich f\u00fcr die m\u00fcndliche Runde am Bundesgericht in Luzern. Dort werden sie vor einer Jury bestehend aus Bundesrichtern, Rechtsanw\u00e4lten und Rechtsprofessoren ihre Pl\u00e4doyers halten. Nicht nur die Stichhaltigkeit der vorgebrachten Argumente, sondern auch die \u00dcberzeugungskraft sowie Rhetorik der Redner werden bewertet. Die zwei besten Teams treten anschliessend im Finale gegeneinander an.<\/p>\n<p style=\"text-align: justify\">Die Universit\u00e4ten vergeben ECTS-Punkte f\u00fcr die Teilnahme am Swiss Moot Court.<\/p>\n<\/div><\/div><\/div>[\/vc_column][\/vc_row]\n","protected":false},"excerpt":{"rendered":"<p>[vc_row][vc_column][\/vc_column][\/vc_row][vc_row][vc_column width=&#8221;2\/3&#8243;][\/vc_column][vc_column width=&#8221;1\/3&#8243; css=&#8221;.vc_custom_1566741890255{padding-top: 15px !important;padding-bottom: 15px !important;}&#8221;][\/vc_column][\/vc_row]<\/p>\n","protected":false},"author":1,"featured_media":0,"parent":0,"menu_order":0,"comment_status":"closed","ping_status":"closed","template":"","meta":{"footnotes":""},"class_list":["post-29","page","type-page","status-publish","hentry","entry","no-media"],"_links":{"self":[{"href":"http:\/\/swissmootcourt.ch\/index.php?rest_route=\/wp\/v2\/pages\/29","targetHints":{"allow":["GET"]}}],"collection":[{"href":"http:\/\/swissmootcourt.ch\/index.php?rest_route=\/wp\/v2\/pages"}],"about":[{"href":"http:\/\/swissmootcourt.ch\/index.php?rest_route=\/wp\/v2\/types\/page"}],"author":[{"embeddable":true,"href":"http:\/\/swissmootcourt.ch\/index.php?rest_route=\/wp\/v2\/users\/1"}],"replies":[{"embeddable":true,"href":"http:\/\/swissmootcourt.ch\/index.php?rest_route=%2Fwp%2Fv2%2Fcomments&post=29"}],"version-history":[{"count":55,"href":"http:\/\/swissmootcourt.ch\/index.php?rest_route=\/wp\/v2\/pages\/29\/revisions"}],"predecessor-version":[{"id":3695,"href":"http:\/\/swissmootcourt.ch\/index.php?rest_route=\/wp\/v2\/pages\/29\/revisions\/3695"}],"wp:attachment":[{"href":"http:\/\/swissmootcourt.ch\/index.php?rest_route=%2Fwp%2Fv2%2Fmedia&parent=29"}],"curies":[{"name":"wp","href":"https:\/\/api.w.org\/{rel}","templated":true}]}}