{"id":13,"date":"2019-08-23T07:38:27","date_gmt":"2019-08-23T07:38:27","guid":{"rendered":"https:\/\/beta.swissmootcourt.ch\/?page_id=13"},"modified":"2024-09-26T21:13:42","modified_gmt":"2024-09-26T19:13:42","slug":"anerkennung","status":"publish","type":"page","link":"http:\/\/swissmootcourt.ch\/?page_id=13","title":{"rendered":"Anerkennung"},"content":{"rendered":"[vc_row][vc_column]<div class=\"vcex-spacing wpex-w-100 wpex-clear\" style=\"height:15px\"><\/div><div class=\"vcex-heading vcex-module wpex-text-2xl wpex-font-normal wpex-m-auto wpex-max-w-100 vcex-heading-bottom-border-w-color wpex-block wpex-border-b-2 wpex-border-solid wpex-border-gray-200\" style=\"font-size:30px;border-bottom-color:#d6d6d6;\"><span class=\"vcex-heading-inner wpex-inline-block wpex-clr wpex-relative wpex-pb-5 wpex-border-b-2 wpex-border-solid wpex-border-accent\">Anerkennung<\/span><\/div><div class=\"vcex-spacing wpex-w-100 wpex-clear\" style=\"height:45px\"><\/div>[vc_column_text css=&#8221;.vc_custom_1727378049702{padding-top: 10px !important;padding-right: 16px !important;padding-bottom: 10px !important;padding-left: 16px !important;background-color: #f4f4f4 !important;}&#8221;]\n<div class=\"ce_text first block\">\n<p align=\"justify\"><span class=\"wpex-text-lg\">Die Anerkennung der Teilnahme am Swiss Moot Court wird von den Universit\u00e4ten unterschiedlich gehandhabt. Unsere Tabelle verr\u00e4t Euch, wie die Anerkennung an Eurer Universit\u00e4t geregelt ist. F\u00fcr weitere Informationen meldet Euch direkt bei der angegebenen Kontaktperson.<\/span><\/p>\n<\/div>\n[\/vc_column_text][\/vc_column][\/vc_row][vc_row visibility=&#8221;hidden-phone&#8221;][vc_column][vc_column_text]\n<table id=\"tablepress-3\" class=\"tablepress tablepress-id-3\">\n<tbody class=\"row-striping row-hover\">\n<tr class=\"row-1\">\n\t<td class=\"column-1\"><strong>Universit\u00e4t<\/strong><\/td><td class=\"column-2\"><strong>schriftliche Runde<\/strong><\/td><td class=\"column-3\"><\/td><td class=\"column-4\"><strong>m\u00fcndliche Runde<\/strong><\/td><td class=\"column-5\"><\/td><td class=\"column-6\"><strong>Kontakt<\/strong><\/td>\n<\/tr>\n<tr class=\"row-2\">\n\t<td class=\"column-1\"><strong><a href=\"https:\/\/www.ziv.unibe.ch\/studium\/swiss_moot_court\/index_ger.html\" rel=\"noopener\" target=\"_blank\">Bern<\/a><\/strong><\/td><td class=\"column-2\"><p align=\"justify\">Bachelor:<br \/>\nTeilnahme schriftliche Runde: Anrechnung als Falll\u00f6sung (5 ECTS).<br \/>\n<br \/>\nTeilnahme schriftliche Runde und Absolvierung des Universit\u00e4t Bern Pre-Moot: Anrechnung als Falll\u00f6sung (5 ECTS f\u00fcr die schriftliche Runde) und als Seminarleistung (5 ECTS f\u00fcr die Absolvierung der Universit\u00e4t Bern Pre-Moot Court).<br \/>\n<br \/>\nMaster:<br \/>\nTeilnahme schriftliche Runde und Absolvierung des Universit\u00e4t Bern Pre-Moot: Anrechnung als Seminararbeit (10 ECTS).<\/p><\/td><td class=\"column-3\"><\/td><td class=\"column-4\"><p align=\"justify\">-<\/p><\/td><td class=\"column-5\"><\/td><td class=\"column-6\">Prof. Stephanie Hrubesch und Philip Lengacher<\/td>\n<\/tr>\n<tr class=\"row-3\">\n\t<td class=\"column-1\"><strong><a href=\"https:\/\/ius.unibas.ch\/de\/swiss-moot-court\/\" rel=\"noopener\" target=\"_blank\">Basel<\/a><\/strong><\/td><td class=\"column-2\"><p align=\"justify\">Bachelor und Master:<br \/>\nDie Anerkennung erfolgt zumindest in Form eines Seminarscheins. <br \/>\n<br \/>\nMaster:<br \/>\nDar\u00fcber hinaus ist nach Absprache und bei Erbringen entsprechender Zusatzleistungen (individuelle Themenarbeit im Themenbereich des diesj\u00e4hrigen SMC von 20 bzw. 40 Seiten) auch der Erwerb von ECTS f\u00fcr eine kleine bzw. grosse Masterarbeit m\u00f6glich.<\/p><\/td><td class=\"column-3\"><\/td><td class=\"column-4\"><p align=\"justify\">-<\/p><\/td><td class=\"column-5\"><\/td><td class=\"column-6\">Prof. Peter Jung<\/td>\n<\/tr>\n<tr class=\"row-4\">\n\t<td class=\"column-1\"><strong><a href=\"https:\/\/www.unifr.ch\/ius\/fr\/etudes\/coursexamens\/mootcourts.html\" rel=\"noopener\" target=\"_blank\">Freiburg<\/a><\/strong><\/td><td class=\"column-2\"><p align=\"justify\">Bachelor: <br \/>\n3 ECTS Proseminararbeit und 1 ECTS Spezialkredite ODER 4 ECTS Spezialkredite.<br \/>\n<br \/>\nMaster:<br \/>\n4 ECTS Spezialkredite.<\/p><\/td><td class=\"column-3\"><\/td><td class=\"column-4\"><p align=\"justify\">Bachelor und Master:<br \/>\nZus\u00e4tzlich 4 ECTS.<\/p><\/td><td class=\"column-5\"><\/td><td class=\"column-6\">Prof. Adriano Previtali<\/td>\n<\/tr>\n<tr class=\"row-5\">\n\t<td class=\"column-1\"><strong><a href=\"https:\/\/moodle.unige.ch\/course\/view.php?id=5311\" rel=\"noopener\" target=\"_blank\">Genf<\/a><\/strong><\/td><td class=\"column-2\"><p align=\"justify\">Bachelor:<br \/>\n3 ECTS, sofern die Arbeit als gen\u00fcgend f\u00fcr die entsprechende Stufe erachtet wird.<br \/>\n<br \/>\nMaster:<br \/>\n6 ECTS, sofern die Arbeit als gen\u00fcgend f\u00fcr die entsprechende Stufe erachtet wird.<\/p><\/td><td class=\"column-3\"><\/td><td class=\"column-4\"><p align=\"justify\">-<\/p><\/td><td class=\"column-5\"><\/td><td class=\"column-6\">Prof. Julia Xoudis<\/td>\n<\/tr>\n<tr class=\"row-6\">\n\t<td class=\"column-1\"><strong><a href=\"https:\/\/www.unil.ch\/ecolededroit\/fr\/home\/menuguid\/etudiantes\/concours-juridiques.html\" rel=\"noopener\" target=\"_blank\">Lausanne<\/a><\/strong><\/td><td class=\"column-2\"><p align=\"justify\">Bachelor:<br \/>\nAnerkennung als individuelle Arbeit. 3 ECTS, sofern die Arbeit als gen\u00fcgend Stufe erachtet wird.<br \/>\n<br \/>\nMaster :<br \/>\nAnerkennung als individuelle Arbeit. 2 ECTS, sofern die Arbeit als gen\u00fcgend Stufe erachtet wird.<\/p><\/td><td class=\"column-3\"><\/td><td class=\"column-4\"><p align=\"justify\">Master :<br \/>\nZus\u00e4tzlich 4 ECTS.<\/p><\/td><td class=\"column-5\"><\/td><td class=\"column-6\">Prof. Edgar Philippin<\/td>\n<\/tr>\n<tr class=\"row-7\">\n\t<td class=\"column-1\"><strong><a href=\"https:\/\/www.unilu.ch\/studium\/lehrveranstaltungen-pruefungen-reglemente\/rf\/lehrveranstaltungen\/moot-courts\/swiss-moot-court\/\" rel=\"noopener\" target=\"_blank\">Luzern<\/a><\/strong><\/td><td class=\"column-2\"><p align=\"justify\">Master:<br \/>\n5 ECTS.<\/p><\/td><td class=\"column-3\"><\/td><td class=\"column-4\"><p align=\"justify\">Master:<br \/>\nZus\u00e4tzliche 2 ECTS.<\/p><\/td><td class=\"column-5\"><\/td><td class=\"column-6\">Dr. iur. Michael Meier<\/td>\n<\/tr>\n<tr class=\"row-8\">\n\t<td class=\"column-1\"><strong><a href=\"https:\/\/www.unine.ch\/droit\/home\/formations\/moot_courts\/swiss-moot-court.html\" rel=\"noopener\" target=\"_blank\">Neuenburg<\/a><\/strong><\/td><td class=\"column-2\"><p align=\"justify\">Bachelor und Master:<br \/>\n4 ECTS, sofern die Arbeit als gen\u00fcgend f\u00fcr die entsprechende Stufe erachtet wird.<\/p><\/td><td class=\"column-3\"><\/td><td class=\"column-4\"><p align=\"justify\">Bachelor und Master :<br \/>\nZus\u00e4tzlich 4 ECTS, sofern die Arbeit als gen\u00fcgend f\u00fcr die entsprechende Stufe erachtet wird.<\/p><\/td><td class=\"column-5\"><\/td><td class=\"column-6\">Prof. Fran\u00e7ois Bohnet und Gilles Lauener<\/td>\n<\/tr>\n<tr class=\"row-9\">\n\t<td class=\"column-1\"><strong><p style=\"color:#2b3577\";>St. Gallen<\/p><\/strong><\/td><td class=\"column-2\"><p align=\"justify\">Bachelor: <br \/>\nAnrechnung im Wahlbereich (6 ECTS).<br \/>\n<br \/>\nBLE: <br \/>\nAnrechnung als juristisches Wahlfach im Rahmen der Zusatzqualifikation \u00abLehrprogramm Recht f\u00fcr Law &amp; Economics (LLE)\u00bb (6 ECTS).<\/p><\/td><td class=\"column-3\"><\/td><td class=\"column-4\"><p align=\"justify\">-<\/p><\/td><td class=\"column-5\"><\/td><td class=\"column-6\">Prof. Isabelle Wildhaber und Milena Vidali<\/td>\n<\/tr>\n<tr class=\"row-10\">\n\t<td class=\"column-1\"><strong><p style=\"color:#2b3577\";>UniDistance<\/p><\/strong><\/td><td class=\"column-2\"><p align=\"justify\">Bachelor und Master:<br \/>\n4 ECTS, sofern die Arbeit als gen\u00fcgend f\u00fcr die entsprechende Stufe erachtet wird.<\/p><\/td><td class=\"column-3\"><\/td><td class=\"column-4\"><p align=\"justify\">Bachelor:<br \/>\nZus\u00e4tzlich 4 ECTS.<br \/>\n<br \/>\nMaster:<br \/>\nZus\u00e4tzlich 2 ECTS.<\/p><\/td><td class=\"column-5\"><\/td><td class=\"column-6\">Prof. Arnaud Nussbaumer-Laghzaoui<\/td>\n<\/tr>\n<tr class=\"row-11\">\n\t<td class=\"column-1\"><strong><p style=\"color:#2b3577\";>FernUni<\/p><\/strong><\/td><td class=\"column-2\"><p align=\"justify\">Bachelor und Master:<br \/>\n4 ECTS, sofern die Arbeit als gen\u00fcgend f\u00fcr die entsprechende Stufe erachtet wird.<\/p><\/td><td class=\"column-3\"><\/td><td class=\"column-4\"><p align=\"justify\">Bachelor:<br \/>\nZus\u00e4tzlich 4 ECTS.<br \/>\n<br \/>\nMaster:<br \/>\nZus\u00e4tzlich 2 ECTS.<\/p><\/td><td class=\"column-5\"><\/td><td class=\"column-6\">Prof. Bruno Pasquier<\/td>\n<\/tr>\n<tr class=\"row-12\">\n\t<td class=\"column-1\"><strong><a href=\"https:\/\/www.ius.uzh.ch\/de\/staff\/professorships\/alphabetical\/dedual\/smc.html\" rel=\"noopener\" target=\"_blank\">Z\u00fcrich<\/a><\/strong><\/td><td class=\"column-2\"><p align=\"justify\">Bachelor: <br \/>\nAnrechnung als Bachelorarbeit (6 ECTS).<br \/>\n<br \/>\nMaster:<br \/>\nAnrechnung als Wahlmodul (6 ECTS).<\/p><\/td><td class=\"column-3\"><\/td><td class=\"column-4\"><p align=\"justify\">-<\/p><\/td><td class=\"column-5\"><\/td><td class=\"column-6\">Prof. Alessia Dedual<\/td>\n<\/tr>\n<\/tbody>\n<\/table>\n<!-- #tablepress-3 from cache -->[\/vc_column_text][\/vc_column][\/vc_row][vc_row visibility=&#8221;visible-phone&#8221;][vc_column][vc_column_text]\n<table id=\"tablepress-3-mobile\" class=\"tablepress tablepress-id-3-mobile\">\n<tbody class=\"row-striping row-hover\">\n<tr class=\"row-1\">\n\t<td class=\"column-1\"><strong>Universit\u00e4t<\/strong><\/td><td class=\"column-2\"><strong>schriftliche Runde<\/strong><\/td><td class=\"column-3\"><\/td><td class=\"column-4\"><strong>m\u00fcndliche Runde<\/strong><\/td>\n<\/tr>\n<tr class=\"row-2\">\n\t<td class=\"column-1\"><strong><a href=\"https:\/\/www.ziv.unibe.ch\/studium\/swiss_moot_court\/index_ger.html\" rel=\"noopener\" target=\"_blank\">Bern<\/a><\/strong><\/td><td class=\"column-2\">Bachelor:<br \/>\nTeilnahme schriftliche Runde: Anrechnung als Falll\u00f6sung (5 ECTS).<br \/>\n<br \/>\nTeilnahme schriftliche Runde und Absolvierung des Universit\u00e4t Bern Pre-Moot: Anrechnung als Falll\u00f6sung (5 ECTS f\u00fcr die schriftliche Runde) und als Seminarleistung (5 ECTS f\u00fcr die Absolvierung der Universit\u00e4t Bern Pre-Moot Court).<br \/>\n<br \/>\nMaster:<br \/>\nTeilnahme schriftliche Runde und Absolvierung des Universit\u00e4t Bern Pre-Moot: Anrechnung als Seminararbeit (10 ECTS).<\/td><td class=\"column-3\"><\/td><td class=\"column-4\">-<\/td>\n<\/tr>\n<tr class=\"row-3\">\n\t<td class=\"column-1\"><strong><a href=\"https:\/\/ius.unibas.ch\/de\/swiss-moot-court\/\" rel=\"noopener\" target=\"_blank\">Basel<\/a><\/strong><\/td><td class=\"column-2\">Bachelor und Master:<br \/>\nDie Anerkennung erfolgt zumindest in Form eines Seminarscheins. <br \/>\n<br \/>\nMaster:<br \/>\nDar\u00fcber hinaus ist nach Absprache und bei Erbringen entsprechender Zusatzleistungen (individuelle Themenarbeit im Themenbereich des diesj\u00e4hrigen SMC von 20 bzw. 40 Seiten) auch der Erwerb von ECTS f\u00fcr eine kleine bzw. grosse Masterarbeit m\u00f6glich.<\/td><td class=\"column-3\"><\/td><td class=\"column-4\">-<\/td>\n<\/tr>\n<tr class=\"row-4\">\n\t<td class=\"column-1\"><strong><a href=\"https:\/\/www.unifr.ch\/ius\/fr\/etudes\/coursexamens\/mootcourts.html\" rel=\"noopener\" target=\"_blank\">Freiburg<\/a><\/strong><\/td><td class=\"column-2\">Bachelor: <br \/>\n3 ECTS Proseminararbeit und 1 ECTS Spezialkredite ODER 4 ECTS Spezialkredite.<br \/>\n<br \/>\nMaster:<br \/>\n4 ECTS Spezialkredite.<\/td><td class=\"column-3\"><\/td><td class=\"column-4\">Bachelor und Master:<br \/>\nZus\u00e4tzlich 4 ECTS.<\/td>\n<\/tr>\n<tr class=\"row-5\">\n\t<td class=\"column-1\"><strong><a href=\"https:\/\/moodle.unige.ch\/course\/view.php?id=5311\" rel=\"noopener\" target=\"_blank\">Genf<\/a><\/strong><\/td><td class=\"column-2\">Bachelor:<br \/>\n3 ECTS, sofern die Arbeit als gen\u00fcgend f\u00fcr die entsprechende Stufe erachtet wird.<br \/>\n<br \/>\nMaster:<br \/>\n6 ECTS, sofern die Arbeit als gen\u00fcgend f\u00fcr die entsprechende Stufe erachtet wird.<\/td><td class=\"column-3\"><\/td><td class=\"column-4\">-<\/td>\n<\/tr>\n<tr class=\"row-6\">\n\t<td class=\"column-1\"><strong><a href=\"https:\/\/www.unil.ch\/ecolededroit\/fr\/home\/menuguid\/etudiantes\/concours-juridiques.html\" rel=\"noopener\" target=\"_blank\">Lausanne<\/a><\/strong><\/td><td class=\"column-2\">Bachelor:<br \/>\nAnerkennung als individuelle Arbeit. 3 ECTS, sofern die Arbeit als gen\u00fcgend Stufe erachtet wird.<br \/>\n<br \/>\nMaster :<br \/>\nAnerkennung als individuelle Arbeit. 2 ECTS, sofern die Arbeit als gen\u00fcgend Stufe erachtet wird.<\/td><td class=\"column-3\"><\/td><td class=\"column-4\">Master :<br \/>\nZus\u00e4tzlich 4 ECTS.<\/td>\n<\/tr>\n<tr class=\"row-7\">\n\t<td class=\"column-1\"><strong><a href=\"https:\/\/www.unilu.ch\/studium\/lehrveranstaltungen-pruefungen-reglemente\/rf\/lehrveranstaltungen\/moot-courts\/swiss-moot-court\/\" rel=\"noopener\" target=\"_blank\">Luzern<\/a><\/strong><\/td><td class=\"column-2\">Master:<br \/>\n5 ECTS.<\/td><td class=\"column-3\"><\/td><td class=\"column-4\">Master:<br \/>\nZus\u00e4tzliche 2 ECTS.<\/td>\n<\/tr>\n<tr class=\"row-8\">\n\t<td class=\"column-1\"><strong><a href=\"https:\/\/www.unine.ch\/droit\/home\/formations\/moot_courts\/swiss-moot-court.html\" rel=\"noopener\" target=\"_blank\">Neuenburg<\/a><\/strong><\/td><td class=\"column-2\">Bachelor und Master:<br \/>\n4 ECTS, sofern die Arbeit als gen\u00fcgend f\u00fcr die entsprechende Stufe erachtet wird.<\/td><td class=\"column-3\"><\/td><td class=\"column-4\">Bachelor und Master :<br \/>\nZus\u00e4tzlich 4 ECTS, sofern die Arbeit als gen\u00fcgend f\u00fcr die entsprechende Stufe erachtet wird.<\/td>\n<\/tr>\n<tr class=\"row-9\">\n\t<td class=\"column-1\"><strong><p style=\"color:#2b3577\";>St. Gallen<\/p><\/strong><\/td><td class=\"column-2\">Bachelor: <br \/>\nAnrechnung im Wahlbereich (6 ECTS).<br \/>\n<br \/>\nBLE: <br \/>\nAnrechnung als juristisches Wahlfach im Rahmen der Zusatzqualifikation \u00abLehrprogramm Recht f\u00fcr Law &amp; Economics (LLE)\u00bb (6 ECTS).<\/td><td class=\"column-3\"><\/td><td class=\"column-4\">-<\/td>\n<\/tr>\n<tr class=\"row-10\">\n\t<td class=\"column-1\"><strong><p style=\"color:#2b3577\";>UniDistance<\/p><\/strong><\/td><td class=\"column-2\">Bachelor und Master:<br \/>\n4 ECTS, sofern die Arbeit als gen\u00fcgend f\u00fcr die entsprechende Stufe erachtet wird.<\/td><td class=\"column-3\"><\/td><td class=\"column-4\">Bachelor:<br \/>\nZus\u00e4tzlich 4 ECTS.<br \/>\n<br \/>\nMaster:<br \/>\nZus\u00e4tzlich 2 ECTS.<\/td>\n<\/tr>\n<tr class=\"row-11\">\n\t<td class=\"column-1\"><strong><p style=\"color:#2b3577\";>FernUni<\/p><\/strong><\/td><td class=\"column-2\">Bachelor und Master:<br \/>\n4 ECTS, sofern die Arbeit als gen\u00fcgend f\u00fcr die entsprechende Stufe erachtet wird.<\/td><td class=\"column-3\"><\/td><td class=\"column-4\">Bachelor:<br \/>\nZus\u00e4tzlich 4 ECTS.<br \/>\n<br \/>\nMaster:<br \/>\nZus\u00e4tzlich 2 ECTS.<\/td>\n<\/tr>\n<tr class=\"row-12\">\n\t<td class=\"column-1\"><strong><a href=\"https:\/\/www.ius.uzh.ch\/de\/staff\/professorships\/alphabetical\/dedual\/smc.html\" rel=\"noopener\" target=\"_blank\">Z\u00fcrich<\/a><\/strong><\/td><td class=\"column-2\">Bachelor:<br \/>\nAnrechnung als Bachelorarbeit (6 ECTS).<br \/>\n<br \/>\nMaster:<br \/>\nAnrechnung als Wahlmodul (6 ECTS).<\/td><td class=\"column-3\"><\/td><td class=\"column-4\">-<\/td>\n<\/tr>\n<\/tbody>\n<\/table>\n<!-- #tablepress-3-mobile from cache -->[\/vc_column_text][\/vc_column][\/vc_row]\n","protected":false},"excerpt":{"rendered":"<p>[vc_row][vc_column][vc_column_text css=&#8221;.vc_custom_1727378049702{padding-top: 10px !important;padding-right: 16px !important;padding-bottom: 10px !important;padding-left: 16px !important;background-color: #f4f4f4 !important;}&#8221;] Die Anerkennung der Teilnahme am Swiss Moot Court wird von den Universit\u00e4ten unterschiedlich gehandhabt. Unsere Tabelle verr\u00e4t Euch, wie die Anerkennung an Eurer Universit\u00e4t geregelt ist. F\u00fcr weitere Informationen meldet Euch direkt bei der angegebenen Kontaktperson. [\/vc_column_text][\/vc_column][\/vc_row][vc_row visibility=&#8221;hidden-phone&#8221;][vc_column][vc_column_text][\/vc_column_text][\/vc_column][\/vc_row][vc_row visibility=&#8221;visible-phone&#8221;][vc_column][vc_column_text][\/vc_column_text][\/vc_column][\/vc_row]<\/p>\n","protected":false},"author":1,"featured_media":0,"parent":0,"menu_order":0,"comment_status":"closed","ping_status":"closed","template":"","meta":{"footnotes":""},"class_list":["post-13","page","type-page","status-publish","hentry","entry","no-media"],"_links":{"self":[{"href":"http:\/\/swissmootcourt.ch\/index.php?rest_route=\/wp\/v2\/pages\/13","targetHints":{"allow":["GET"]}}],"collection":[{"href":"http:\/\/swissmootcourt.ch\/index.php?rest_route=\/wp\/v2\/pages"}],"about":[{"href":"http:\/\/swissmootcourt.ch\/index.php?rest_route=\/wp\/v2\/types\/page"}],"author":[{"embeddable":true,"href":"http:\/\/swissmootcourt.ch\/index.php?rest_route=\/wp\/v2\/users\/1"}],"replies":[{"embeddable":true,"href":"http:\/\/swissmootcourt.ch\/index.php?rest_route=%2Fwp%2Fv2%2Fcomments&post=13"}],"version-history":[{"count":11,"href":"http:\/\/swissmootcourt.ch\/index.php?rest_route=\/wp\/v2\/pages\/13\/revisions"}],"predecessor-version":[{"id":3505,"href":"http:\/\/swissmootcourt.ch\/index.php?rest_route=\/wp\/v2\/pages\/13\/revisions\/3505"}],"wp:attachment":[{"href":"http:\/\/swissmootcourt.ch\/index.php?rest_route=%2Fwp%2Fv2%2Fmedia&parent=13"}],"curies":[{"name":"wp","href":"https:\/\/api.w.org\/{rel}","templated":true}]}}